{"id":15955,"date":"2015-10-30T07:03:34","date_gmt":"2015-10-30T07:03:34","guid":{"rendered":"http:\/\/new.norsklafteskole.no\/?page_id=15955&#038;lang=nb"},"modified":"2025-08-20T15:15:03","modified_gmt":"2025-08-20T15:15:03","slug":"norsk-lafterskole","status":"publish","type":"page","link":"https:\/\/norsklafteskole.no\/","title":{"rendered":"Norsk Lafteskole"},"content":{"rendered":"<div class=\"wpb-content-wrapper\"><p>[vc_row row_type=&raquo;row&raquo; use_row_as_full_screen_section=&raquo;no&raquo; type=&raquo;grid&raquo; anchor=&raquo;about_us&raquo; angled_section=&raquo;no&raquo; text_align=&raquo;left&raquo; background_image_as_pattern=&raquo;without_pattern&raquo; background_color=&raquo;#ffffff&raquo; padding_top=&raquo;79&#8243; css_animation=&raquo;&raquo;][vc_column][vc_column_text]<\/p>\n<h1 style=\"text-align: center;\">Velkommen til Norsk Lafteskole<\/h1>\n<p>[\/vc_column_text][vc_separator type=&raquo;small&raquo; position=&raquo;center&raquo; thickness=&raquo;1&#8243; up=&raquo;21&#8243; down=&raquo;30&#8243;][vc_separator type=&raquo;transparent&raquo; up=&raquo;100&#8243; down=&raquo;12&#8243;][vc_row_inner row_type=&raquo;row&raquo; type=&raquo;full_width&raquo; text_align=&raquo;left&raquo; css_animation=&raquo;&raquo;][vc_column_inner width=&raquo;1\/3&#8243;]<div class='q_icon_with_title large custom_icon_image center '><div class=\"icon_holder \" style=\" \"><img decoding=\"async\" src=\"https:\/\/norsklafteskole.no\/wp-content\/uploads\/2014\/04\/nlslogo.gif\" alt=\"\"><\/div><div class=\"icon_text_holder\" style=\"\"><div class=\"icon_text_inner\" style=\"\"><h3 class=\"icon_title\" style=\"\">MESTERBREV<\/h3><p style=''>Norsk Lafteskole er den eneste som er registrert mesterbedrift.<\/p><\/div><\/div><\/div>[vc_separator type=&raquo;transparent&raquo; up=&raquo;110&#8243; down=&raquo;0&#8243;][\/vc_column_inner][vc_column_inner width=&raquo;1\/3&#8243;]<div class='q_icon_with_title medium custom_icon_image center '><div class=\"icon_holder \" style=\" \"><img decoding=\"async\" src=\"https:\/\/norsklafteskole.no\/wp-content\/uploads\/2014\/04\/Viklogo.jpg\" alt=\"\"><\/div><div class=\"icon_text_holder\" style=\"\"><div class=\"icon_text_inner\" style=\"\"><h3 class=\"icon_title\" style=\"\">LANG ERFARING<\/h3><p style=''>32 \u00e5rs erfaring med lafting.<\/p><\/div><\/div><\/div>[vc_separator type=&raquo;transparent&raquo; up=&raquo;110&#8243; down=&raquo;0&#8243;][\/vc_column_inner][vc_column_inner width=&raquo;1\/3&#8243; css=&raquo;.vc_custom_1435330709686{padding: 3px !important;}&raquo;]<div class='q_icon_with_title very_large normal_icon center '><div class=\"icon_holder \" style=\" \"><span data-icon-type=\"normal\" class=\"qode_iwt_icon_holder q_font_awsome_icon fa-5x  \"><i class=\"qode_icon_font_awesome fa fa-film qode_iwt_icon_element\" style=\"color: #4e4e4e\"><\/i><\/span><\/div><div class=\"icon_text_holder\" style=\"\"><div class=\"icon_text_inner\" style=\"\"><h3 class=\"icon_title\" style=\"\">VIDEOKURS<\/h3><p style=''>Ikke tid til \u00e5 delta p\u00e5 kurs? sjekk nettbutikken for utvalget av undervisningsdvder.<\/p><\/div><\/div><\/div>[vc_separator type=&raquo;transparent&raquo; up=&raquo;110&#8243; down=&raquo;0&#8243;][\/vc_column_inner][\/vc_row_inner][\/vc_column][\/vc_row][vc_row row_type=&raquo;row&raquo; use_row_as_full_screen_section=&raquo;no&raquo; type=&raquo;grid&raquo; anchor=&raquo;features&raquo; angled_section=&raquo;no&raquo; text_align=&raquo;left&raquo; background_image_as_pattern=&raquo;without_pattern&raquo; background_color=&raquo;#f6f6f6&#8243; padding_top=&raquo;80&#8243; padding_bottom=&raquo;30&#8243; css_animation=&raquo;&raquo;][vc_column][vc_column_text]<\/p>\n<h2 style=\"text-align: center;\">OM MEG<\/h2>\n<p>[\/vc_column_text][vc_separator type=&raquo;small&raquo; position=&raquo;center&raquo; thickness=&raquo;1&#8243; up=&raquo;21&#8243; down=&raquo;70&#8243;][vc_row_inner row_type=&raquo;row&raquo; type=&raquo;full_width&raquo; text_align=&raquo;left&raquo; css_animation=&raquo;&raquo;][vc_column_inner width=&raquo;1\/2&#8243;][vc_column_text]Grunnlagt i mai 1997, Norsk Lafteskole drives av T\u00f8mrermester George Fuller. I nettbutikken kan du handle spesialverkt\u00f8y og teknikkvideoer om norsk lafting.[\/vc_column_text][vc_separator type=&raquo;transparent&raquo; up=&raquo;93&#8243; down=&raquo;0&#8243;][\/vc_column_inner][vc_column_inner width=&raquo;1\/2&#8243;]<div class='q_progress_bar'><h5 class='progress_title_holder clearfix' style=''><span class='progress_title'><span>Flis i fingeren<\/span><\/span><span class='progress_number' style=''><span>0<\/span>%<\/span><\/h5><div class='progress_content_outer' style='height: 20px;background-color: #eeeeee;'><div data-percentage='35' class='progress_content' style='height: 20px;background-color: #1abc9c;'><\/div><\/div><\/div>[vc_separator type=&raquo;transparent&raquo; up=&raquo;51&#8243; down=&raquo;0&#8243;]<div class='q_progress_bar'><h5 class='progress_title_holder clearfix' style=''><span class='progress_title'><span>Faglig erfaring<\/span><\/span><span class='progress_number' style=''><span>0<\/span>%<\/span><\/h5><div class='progress_content_outer' style='height: 20px;background-color: #eeeeee;'><div data-percentage='83' class='progress_content' style='height: 20px;background-color: #1abc9c;'><\/div><\/div><\/div>[vc_separator type=&raquo;transparent&raquo; up=&raquo;51&#8243; down=&raquo;0&#8243;]<div class='q_progress_bar'><h5 class='progress_title_holder clearfix' style=''><span class='progress_title'><span>Undervisningserfaring<\/span><\/span><span class='progress_number' style=''><span>0<\/span>%<\/span><\/h5><div class='progress_content_outer' style='height: 20px;background-color: #eeeeee;'><div data-percentage='99' class='progress_content' style='height: 20px;background-color: #1abc9c;'><\/div><\/div><\/div>[vc_separator type=&raquo;transparent&raquo; up=&raquo;93&#8243; down=&raquo;0&#8243;][\/vc_column_inner][\/vc_row_inner][\/vc_column][\/vc_row][vc_row row_type=&raquo;parallax&raquo; parallax_content_width=&raquo;in_grid&raquo; anchor=&raquo;facts&raquo; text_align=&raquo;left&raquo; background_image=&raquo;15656&#8243; full_screen_section_height=&raquo;no&raquo; section_height=&raquo;474&#8243;][vc_column][vc_separator type=&raquo;transparent&raquo; up=&raquo;129&#8243; down=&raquo;0&#8243;][vc_row_inner row_type=&raquo;row&raquo; type=&raquo;full_width&raquo; text_align=&raquo;left&raquo; css_animation=&raquo;&raquo;][vc_column_inner width=&raquo;1\/4&#8243;]<div class=\"q_counter_holder  center\" style=\"\" data-digit=\"857\"><span class=\"counter  zero\" style=\"color: #000000;font-size: 60px;\">857<\/span><p class=\"counter_text\" style=\"color: #000000;\">FORN\u00d8YDE KUNDER<\/p><\/div>[vc_separator type=&raquo;transparent&raquo; up=&raquo;99&#8243; down=&raquo;0&#8243;][\/vc_column_inner][vc_column_inner width=&raquo;1\/4&#8243;]<div class=\"q_counter_holder  center\" style=\"\" data-digit=\"187\"><span class=\"counter  zero\" style=\"color: #000000;font-size: 60px;\">187<\/span><p class=\"counter_text\" style=\"color: #000000;\">HYTTER OG HUS BYGD AV SKOLENS ELEVER<\/p><\/div>[vc_separator type=&raquo;transparent&raquo; up=&raquo;99&#8243; down=&raquo;0&#8243;][\/vc_column_inner][vc_column_inner width=&raquo;1\/4&#8243;]<div class=\"q_counter_holder  center\" style=\"\" data-digit=\"156\"><span class=\"counter  zero\" style=\"color: #000000;font-size: 60px;\">156<\/span><p class=\"counter_text\" style=\"color: #000000;\">TREFLIS I FINGEREN<\/p><\/div>[vc_separator type=&raquo;transparent&raquo; up=&raquo;99&#8243; down=&raquo;0&#8243;][\/vc_column_inner][vc_column_inner width=&raquo;1\/4&#8243;]<div class=\"q_counter_holder  center\" style=\"\" data-digit=\"629\"><span class=\"counter  zero\" style=\"color: #000000;font-size: 60px;\">629<\/span><p class=\"counter_text\" style=\"color: #000000;\">KAFFEKOPPER<\/p><\/div>[vc_separator type=&raquo;transparent&raquo; up=&raquo;99&#8243; down=&raquo;0&#8243;][\/vc_column_inner][\/vc_row_inner][\/vc_column][\/vc_row][vc_row row_type=&raquo;row&raquo; use_row_as_full_screen_section=&raquo;no&raquo; type=&raquo;grid&raquo; angled_section=&raquo;no&raquo; text_align=&raquo;left&raquo; background_image_as_pattern=&raquo;without_pattern&raquo; background_color=&raquo;#ffffff&raquo; padding_top=&raquo;105&#8243; css_animation=&raquo;&raquo;][vc_column width=&raquo;1\/2&#8243;][vc_column_text]<\/p>\n<h3>Ta kontakt:<\/h3>\n<p>[\/vc_column_text][vc_separator type=&raquo;transparent&raquo; up=&raquo;21&#8243; down=&raquo;9&#8243;][vc_column_text]Vedr sp\u00f8rsm\u00e5l om nettbutikken, betalingsbetingelser, produktene eller nettstedet generelt, er du velkommen til \u00e5 sende en melding.[\/vc_column_text][vc_separator type=&raquo;transparent&raquo; up=&raquo;17&#8243;][vc_column_text]Dine personalia er i trygge hender<\/p>\n<p>Ved registrering krever vi at du gir kontaktinformasjon som epostadresse, telnr, navn og bostedsadresse for levering av bestilte varer. Denne informasjonen vil aldri bli gjort tilgjengelig eller solgt til en tredjepart og vil ikke bli brukt i noen form for &laquo;spamming&raquo; eller u\u00f8nsket reklame. Har du sp\u00f8rsm\u00e5l er det bare \u00e5 ta kontakt.[\/vc_column_text][vc_separator type=&raquo;transparent&raquo; up=&raquo;85&#8243; down=&raquo;0&#8243;][\/vc_column][vc_column width=&raquo;1\/2&#8243;][vc_column_text]<\/p>\n<h3>Epostadr:<\/h3>\n<p>admin@norsklafteskole.no[\/vc_column_text][vc_separator type=&raquo;transparent&raquo; up=&raquo;21&#8243; down=&raquo;9&#8243;][vc_column_text]<!--?php echo 'Hello world';?-->[\/vc_column_text][\/vc_column][\/vc_row]<\/p>\n<\/div>","protected":false},"excerpt":{"rendered":"<p>[vc_row row_type=&raquo;row&raquo; use_row_as_full_screen_section=&raquo;no&raquo; type=&raquo;grid&raquo; anchor=&raquo;about_us&raquo; angled_section=&raquo;no&raquo; text_align=&raquo;left&raquo; background_image_as_pattern=&raquo;without_pattern&raquo; background_color=&raquo;#ffffff&raquo; padding_top=&raquo;79&#8243; css_animation=&raquo;&raquo;][vc_column][vc_column_text] Velkommen til Norsk Lafteskole [\/vc_column_text][vc_separator type=&raquo;small&raquo; position=&raquo;center&raquo; thickness=&raquo;1&#8243; up=&raquo;21&#8243; down=&raquo;30&#8243;][vc_separator type=&raquo;transparent&raquo; up=&raquo;100&#8243; down=&raquo;12&#8243;][vc_row_inner row_type=&raquo;row&raquo; type=&raquo;full_width&raquo; text_align=&raquo;left&raquo; css_animation=&raquo;&raquo;][vc_column_inner width=&raquo;1\/3&#8243;][vc_separator type=&raquo;transparent&raquo; up=&raquo;110&#8243; down=&raquo;0&#8243;][\/vc_column_inner][vc_column_inner width=&raquo;1\/3&#8243;][vc_separator type=&raquo;transparent&raquo; up=&raquo;110&#8243; down=&raquo;0&#8243;][\/vc_column_inner][vc_column_inner width=&raquo;1\/3&#8243; css=&raquo;.vc_custom_1435330709686{padding: 3px !important;}&raquo;][vc_separator type=&raquo;transparent&raquo; up=&raquo;110&#8243; down=&raquo;0&#8243;][\/vc_column_inner][\/vc_row_inner][\/vc_column][\/vc_row][vc_row row_type=&raquo;row&raquo; use_row_as_full_screen_section=&raquo;no&raquo;&#8230;<\/p>\n","protected":false},"author":3,"featured_media":0,"parent":0,"menu_order":0,"comment_status":"open","ping_status":"open","template":"full_width.php","meta":{"footnotes":""},"class_list":["post-15955","page","type-page","status-publish","hentry"],"yoast_head":"<!-- This site is optimized with the Yoast SEO plugin v27.5 - https:\/\/yoast.com\/product\/yoast-seo-wordpress\/ -->\n<title>Norsk Lafteskole - Norsk Lafteskole<\/title>\n<meta name=\"robots\" content=\"index, follow, max-snippet:-1, max-image-preview:large, max-video-preview:-1\" \/>\n<link rel=\"canonical\" href=\"https:\/\/norsklafteskole.no\/\" \/>\n<meta property=\"og:locale\" content=\"nb_NO\" \/>\n<meta property=\"og:type\" content=\"article\" \/>\n<meta property=\"og:title\" content=\"Norsk Lafteskole - Norsk Lafteskole\" \/>\n<meta property=\"og:description\" content=\"[vc_row row_type=&raquo;row&raquo; use_row_as_full_screen_section=&raquo;no&raquo; type=&raquo;grid&raquo; anchor=&raquo;about_us&raquo; angled_section=&raquo;no&raquo; text_align=&raquo;left&raquo; background_image_as_pattern=&raquo;without_pattern&raquo; background_color=&raquo;#ffffff&raquo; padding_top=&raquo;79&#8243; css_animation=&raquo;&raquo;][vc_column][vc_column_text] Velkommen til Norsk Lafteskole [\/vc_column_text][vc_separator type=&raquo;small&raquo; position=&raquo;center&raquo; thickness=&raquo;1&#8243; up=&raquo;21&#8243; down=&raquo;30&#8243;][vc_separator type=&raquo;transparent&raquo; up=&raquo;100&#8243; down=&raquo;12&#8243;][vc_row_inner row_type=&raquo;row&raquo; type=&raquo;full_width&raquo; text_align=&raquo;left&raquo; css_animation=&raquo;&raquo;][vc_column_inner width=&raquo;1\/3&#8243;][vc_separator type=&raquo;transparent&raquo; up=&raquo;110&#8243; down=&raquo;0&#8243;][\/vc_column_inner][vc_column_inner width=&raquo;1\/3&#8243;][vc_separator type=&raquo;transparent&raquo; up=&raquo;110&#8243; down=&raquo;0&#8243;][\/vc_column_inner][vc_column_inner width=&raquo;1\/3&#8243; css=&raquo;.vc_custom_1435330709686{padding: 3px !important;}&raquo;][vc_separator type=&raquo;transparent&raquo; up=&raquo;110&#8243; down=&raquo;0&#8243;][\/vc_column_inner][\/vc_row_inner][\/vc_column][\/vc_row][vc_row row_type=&raquo;row&raquo; use_row_as_full_screen_section=&raquo;no&raquo;...\" \/>\n<meta property=\"og:url\" content=\"https:\/\/norsklafteskole.no\/\" \/>\n<meta property=\"og:site_name\" content=\"Norsk Lafteskole\" \/>\n<meta property=\"article:modified_time\" content=\"2025-08-20T15:15:03+00:00\" \/>\n<meta name=\"twitter:card\" content=\"summary_large_image\" \/>\n<meta name=\"twitter:label1\" content=\"Ansl. lesetid\" \/>\n\t<meta name=\"twitter:data1\" content=\"2 minutter\" \/>\n<script type=\"application\/ld+json\" class=\"yoast-schema-graph\">{\"@context\":\"https:\\\/\\\/schema.org\",\"@graph\":[{\"@type\":\"WebPage\",\"@id\":\"https:\\\/\\\/norsklafteskole.no\\\/\",\"url\":\"https:\\\/\\\/norsklafteskole.no\\\/\",\"name\":\"Norsk Lafteskole - Norsk Lafteskole\",\"isPartOf\":{\"@id\":\"https:\\\/\\\/norsklafteskole.no\\\/#website\"},\"datePublished\":\"2015-10-30T07:03:34+00:00\",\"dateModified\":\"2025-08-20T15:15:03+00:00\",\"breadcrumb\":{\"@id\":\"https:\\\/\\\/norsklafteskole.no\\\/#breadcrumb\"},\"inLanguage\":\"nb-NO\",\"potentialAction\":[{\"@type\":\"ReadAction\",\"target\":[\"https:\\\/\\\/norsklafteskole.no\\\/\"]}]},{\"@type\":\"BreadcrumbList\",\"@id\":\"https:\\\/\\\/norsklafteskole.no\\\/#breadcrumb\",\"itemListElement\":[{\"@type\":\"ListItem\",\"position\":1,\"name\":\"Home\",\"item\":\"https:\\\/\\\/norsklafteskole.no\\\/\"},{\"@type\":\"ListItem\",\"position\":2,\"name\":\"Norsk Lafteskole\"}]},{\"@type\":\"WebSite\",\"@id\":\"https:\\\/\\\/norsklafteskole.no\\\/#website\",\"url\":\"https:\\\/\\\/norsklafteskole.no\\\/\",\"name\":\"Norsk Lafteskole\",\"description\":\"Learn to build traditional log houses\",\"publisher\":{\"@id\":\"https:\\\/\\\/norsklafteskole.no\\\/#organization\"},\"potentialAction\":[{\"@type\":\"SearchAction\",\"target\":{\"@type\":\"EntryPoint\",\"urlTemplate\":\"https:\\\/\\\/norsklafteskole.no\\\/?s={search_term_string}\"},\"query-input\":{\"@type\":\"PropertyValueSpecification\",\"valueRequired\":true,\"valueName\":\"search_term_string\"}}],\"inLanguage\":\"nb-NO\"},{\"@type\":\"Organization\",\"@id\":\"https:\\\/\\\/norsklafteskole.no\\\/#organization\",\"name\":\"Norsk Lafteskole\",\"url\":\"https:\\\/\\\/norsklafteskole.no\\\/\",\"logo\":{\"@type\":\"ImageObject\",\"inLanguage\":\"nb-NO\",\"@id\":\"https:\\\/\\\/norsklafteskole.no\\\/#\\\/schema\\\/logo\\\/image\\\/\",\"url\":\"https:\\\/\\\/norsklafteskole.no\\\/wp-content\\\/uploads\\\/2014\\\/04\\\/Viklogo.jpg\",\"contentUrl\":\"https:\\\/\\\/norsklafteskole.no\\\/wp-content\\\/uploads\\\/2014\\\/04\\\/Viklogo.jpg\",\"width\":150,\"height\":225,\"caption\":\"Norsk Lafteskole\"},\"image\":{\"@id\":\"https:\\\/\\\/norsklafteskole.no\\\/#\\\/schema\\\/logo\\\/image\\\/\"}}]}<\/script>\n<!-- \/ Yoast SEO plugin. -->","yoast_head_json":{"title":"Norsk Lafteskole - Norsk Lafteskole","robots":{"index":"index","follow":"follow","max-snippet":"max-snippet:-1","max-image-preview":"max-image-preview:large","max-video-preview":"max-video-preview:-1"},"canonical":"https:\/\/norsklafteskole.no\/","og_locale":"nb_NO","og_type":"article","og_title":"Norsk Lafteskole - Norsk Lafteskole","og_description":"[vc_row row_type=&raquo;row&raquo; use_row_as_full_screen_section=&raquo;no&raquo; type=&raquo;grid&raquo; anchor=&raquo;about_us&raquo; angled_section=&raquo;no&raquo; text_align=&raquo;left&raquo; background_image_as_pattern=&raquo;without_pattern&raquo; background_color=&raquo;#ffffff&raquo; padding_top=&raquo;79&#8243; css_animation=&raquo;&raquo;][vc_column][vc_column_text] Velkommen til Norsk Lafteskole [\/vc_column_text][vc_separator type=&raquo;small&raquo; position=&raquo;center&raquo; thickness=&raquo;1&#8243; up=&raquo;21&#8243; down=&raquo;30&#8243;][vc_separator type=&raquo;transparent&raquo; up=&raquo;100&#8243; down=&raquo;12&#8243;][vc_row_inner row_type=&raquo;row&raquo; type=&raquo;full_width&raquo; text_align=&raquo;left&raquo; css_animation=&raquo;&raquo;][vc_column_inner width=&raquo;1\/3&#8243;][vc_separator type=&raquo;transparent&raquo; up=&raquo;110&#8243; down=&raquo;0&#8243;][\/vc_column_inner][vc_column_inner width=&raquo;1\/3&#8243;][vc_separator type=&raquo;transparent&raquo; up=&raquo;110&#8243; down=&raquo;0&#8243;][\/vc_column_inner][vc_column_inner width=&raquo;1\/3&#8243; css=&raquo;.vc_custom_1435330709686{padding: 3px !important;}&raquo;][vc_separator type=&raquo;transparent&raquo; up=&raquo;110&#8243; down=&raquo;0&#8243;][\/vc_column_inner][\/vc_row_inner][\/vc_column][\/vc_row][vc_row row_type=&raquo;row&raquo; use_row_as_full_screen_section=&raquo;no&raquo;...","og_url":"https:\/\/norsklafteskole.no\/","og_site_name":"Norsk Lafteskole","article_modified_time":"2025-08-20T15:15:03+00:00","twitter_card":"summary_large_image","twitter_misc":{"Ansl. lesetid":"2 minutter"},"schema":{"@context":"https:\/\/schema.org","@graph":[{"@type":"WebPage","@id":"https:\/\/norsklafteskole.no\/","url":"https:\/\/norsklafteskole.no\/","name":"Norsk Lafteskole - Norsk Lafteskole","isPartOf":{"@id":"https:\/\/norsklafteskole.no\/#website"},"datePublished":"2015-10-30T07:03:34+00:00","dateModified":"2025-08-20T15:15:03+00:00","breadcrumb":{"@id":"https:\/\/norsklafteskole.no\/#breadcrumb"},"inLanguage":"nb-NO","potentialAction":[{"@type":"ReadAction","target":["https:\/\/norsklafteskole.no\/"]}]},{"@type":"BreadcrumbList","@id":"https:\/\/norsklafteskole.no\/#breadcrumb","itemListElement":[{"@type":"ListItem","position":1,"name":"Home","item":"https:\/\/norsklafteskole.no\/"},{"@type":"ListItem","position":2,"name":"Norsk Lafteskole"}]},{"@type":"WebSite","@id":"https:\/\/norsklafteskole.no\/#website","url":"https:\/\/norsklafteskole.no\/","name":"Norsk Lafteskole","description":"Learn to build traditional log houses","publisher":{"@id":"https:\/\/norsklafteskole.no\/#organization"},"potentialAction":[{"@type":"SearchAction","target":{"@type":"EntryPoint","urlTemplate":"https:\/\/norsklafteskole.no\/?s={search_term_string}"},"query-input":{"@type":"PropertyValueSpecification","valueRequired":true,"valueName":"search_term_string"}}],"inLanguage":"nb-NO"},{"@type":"Organization","@id":"https:\/\/norsklafteskole.no\/#organization","name":"Norsk Lafteskole","url":"https:\/\/norsklafteskole.no\/","logo":{"@type":"ImageObject","inLanguage":"nb-NO","@id":"https:\/\/norsklafteskole.no\/#\/schema\/logo\/image\/","url":"https:\/\/norsklafteskole.no\/wp-content\/uploads\/2014\/04\/Viklogo.jpg","contentUrl":"https:\/\/norsklafteskole.no\/wp-content\/uploads\/2014\/04\/Viklogo.jpg","width":150,"height":225,"caption":"Norsk Lafteskole"},"image":{"@id":"https:\/\/norsklafteskole.no\/#\/schema\/logo\/image\/"}}]}},"_links":{"self":[{"href":"https:\/\/norsklafteskole.no\/index.php\/wp-json\/wp\/v2\/pages\/15955","targetHints":{"allow":["GET"]}}],"collection":[{"href":"https:\/\/norsklafteskole.no\/index.php\/wp-json\/wp\/v2\/pages"}],"about":[{"href":"https:\/\/norsklafteskole.no\/index.php\/wp-json\/wp\/v2\/types\/page"}],"author":[{"embeddable":true,"href":"https:\/\/norsklafteskole.no\/index.php\/wp-json\/wp\/v2\/users\/3"}],"replies":[{"embeddable":true,"href":"https:\/\/norsklafteskole.no\/index.php\/wp-json\/wp\/v2\/comments?post=15955"}],"version-history":[{"count":24,"href":"https:\/\/norsklafteskole.no\/index.php\/wp-json\/wp\/v2\/pages\/15955\/revisions"}],"predecessor-version":[{"id":20858,"href":"https:\/\/norsklafteskole.no\/index.php\/wp-json\/wp\/v2\/pages\/15955\/revisions\/20858"}],"wp:attachment":[{"href":"https:\/\/norsklafteskole.no\/index.php\/wp-json\/wp\/v2\/media?parent=15955"}],"curies":[{"name":"wp","href":"https:\/\/api.w.org\/{rel}","templated":true}]}}