{"id":16471,"date":"2015-07-25T14:17:31","date_gmt":"2015-07-25T14:17:31","guid":{"rendered":"http:\/\/new.norsklafteskole.no\/course-language\/?lang=nb"},"modified":"2022-08-07T19:46:49","modified_gmt":"2022-08-07T19:46:49","slug":"course-language","status":"publish","type":"page","link":"https:\/\/norsklafteskole.no\/index.php\/course-language\/","title":{"rendered":"VELG VIDEOSPR\u00c5K"},"content":{"rendered":"<div class=\"wpb-content-wrapper\"><p>[vc_row row_type=&raquo;row&raquo; use_row_as_full_screen_section=&raquo;no&raquo; type=&raquo;full_width&raquo; angled_section=&raquo;no&raquo; text_align=&raquo;left&raquo; background_image_as_pattern=&raquo;without_pattern&raquo; css_animation=&raquo;&raquo;][vc_column][vc_text_separator title=&raquo;TEKNIKKVIDEOER TILBYS P\u00c5 FLERE SPR\u00c5K. VELG SPR\u00c5K&raquo; border=&raquo;no&raquo;][vc_empty_space height=&raquo;64px&raquo;][\/vc_column][\/vc_row][vc_row row_type=&raquo;row&raquo; use_row_as_full_screen_section=&raquo;no&raquo; type=&raquo;full_width&raquo; angled_section=&raquo;no&raquo; text_align=&raquo;left&raquo; background_image_as_pattern=&raquo;without_pattern&raquo; css_animation=&raquo;&raquo;][vc_column width=&raquo;1\/3&#8243;][vc_single_image image=&raquo;16447&#8243; alignment=&raquo;center&raquo; style=&raquo;vc_box_circle&raquo; onclick=&raquo;custom_link&raquo; qode_css_animation=&raquo;&raquo; title=&raquo;ENGELSK&raquo; link=&raquo;https:\/\/norsklafteskole.no\/index.php\/english-video-courses&raquo;][\/vc_column][vc_column width=&raquo;1\/3&#8243;][vc_single_image image=&raquo;16446&#8243; alignment=&raquo;center&raquo; style=&raquo;vc_box_circle&raquo; onclick=&raquo;custom_link&raquo; qode_css_animation=&raquo;&raquo; title=&raquo;NORSK&raquo; link=&raquo;https:\/\/norsklafteskole.no\/index.php\/norwegian-video-courses&raquo;][\/vc_column][vc_column width=&raquo;1\/3&#8243;][vc_single_image image=&raquo;16448&#8243; alignment=&raquo;center&raquo; style=&raquo;vc_box_circle&raquo; onclick=&raquo;custom_link&raquo; qode_css_animation=&raquo;&raquo; title=&raquo;FRANSK&raquo; link=&raquo;https:\/\/norsklafteskole.no\/index.php\/french-video-courses&raquo;][\/vc_column][\/vc_row][vc_row row_type=&raquo;row&raquo; use_row_as_full_screen_section=&raquo;no&raquo; type=&raquo;full_width&raquo; angled_section=&raquo;no&raquo; text_align=&raquo;left&raquo; background_image_as_pattern=&raquo;without_pattern&raquo; css_animation=&raquo;&raquo;][vc_column width=&raquo;1\/3&#8243;][\/vc_column][vc_column width=&raquo;1\/3&#8243;][vc_empty_space][vc_single_image image=&raquo;19222&#8243; alignment=&raquo;center&raquo; style=&raquo;vc_box_circle&raquo; onclick=&raquo;custom_link&raquo; qode_css_animation=&raquo;&raquo; title=&raquo;TYSK&raquo; link=&raquo;https:\/\/norsklafteskole.no\/index.php\/german-video-courses\/?lang=en&raquo;][vc_empty_space][vc_empty_space][\/vc_column][vc_column width=&raquo;1\/3&#8243;][\/vc_column][\/vc_row]<\/p>\n<\/div>","protected":false},"excerpt":{"rendered":"<p>[vc_row row_type=&raquo;row&raquo; use_row_as_full_screen_section=&raquo;no&raquo; type=&raquo;full_width&raquo; angled_section=&raquo;no&raquo; text_align=&raquo;left&raquo; background_image_as_pattern=&raquo;without_pattern&raquo; css_animation=&raquo;&raquo;][vc_column][vc_text_separator title=&raquo;TEKNIKKVIDEOER TILBYS P\u00c5 FLERE SPR\u00c5K. VELG SPR\u00c5K&raquo; border=&raquo;no&raquo;][vc_empty_space height=&raquo;64px&raquo;][\/vc_column][\/vc_row][vc_row row_type=&raquo;row&raquo; use_row_as_full_screen_section=&raquo;no&raquo; type=&raquo;full_width&raquo; angled_section=&raquo;no&raquo; text_align=&raquo;left&raquo; background_image_as_pattern=&raquo;without_pattern&raquo; css_animation=&raquo;&raquo;][vc_column width=&raquo;1\/3&#8243;][vc_single_image image=&raquo;16447&#8243; alignment=&raquo;center&raquo; style=&raquo;vc_box_circle&raquo; onclick=&raquo;custom_link&raquo; qode_css_animation=&raquo;&raquo; title=&raquo;ENGELSK&raquo; link=&raquo;https:\/\/norsklafteskole.no\/index.php\/english-video-courses&raquo;][\/vc_column][vc_column width=&raquo;1\/3&#8243;][vc_single_image image=&raquo;16446&#8243; alignment=&raquo;center&raquo; style=&raquo;vc_box_circle&raquo; onclick=&raquo;custom_link&raquo; qode_css_animation=&raquo;&raquo; title=&raquo;NORSK&raquo; link=&raquo;https:\/\/norsklafteskole.no\/index.php\/norwegian-video-courses&raquo;][\/vc_column][vc_column width=&raquo;1\/3&#8243;][vc_single_image image=&raquo;16448&#8243; alignment=&raquo;center&raquo; style=&raquo;vc_box_circle&raquo; onclick=&raquo;custom_link&raquo;&#8230;<\/p>\n","protected":false},"author":3,"featured_media":0,"parent":0,"menu_order":0,"comment_status":"open","ping_status":"open","template":"","meta":{"footnotes":""},"class_list":["post-16471","page","type-page","status-publish","hentry"],"yoast_head":"<!-- This site is optimized with the Yoast SEO plugin v27.5 - https:\/\/yoast.com\/product\/yoast-seo-wordpress\/ -->\n<title>VELG VIDEOSPR\u00c5K - Norsk Lafteskole<\/title>\n<meta name=\"robots\" content=\"index, follow, max-snippet:-1, max-image-preview:large, max-video-preview:-1\" \/>\n<link rel=\"canonical\" href=\"https:\/\/norsklafteskole.no\/index.php\/course-language\/\" \/>\n<meta property=\"og:locale\" content=\"nb_NO\" \/>\n<meta property=\"og:type\" content=\"article\" \/>\n<meta property=\"og:title\" content=\"VELG VIDEOSPR\u00c5K - Norsk Lafteskole\" \/>\n<meta property=\"og:description\" content=\"[vc_row row_type=&raquo;row&raquo; use_row_as_full_screen_section=&raquo;no&raquo; type=&raquo;full_width&raquo; angled_section=&raquo;no&raquo; text_align=&raquo;left&raquo; background_image_as_pattern=&raquo;without_pattern&raquo; css_animation=&raquo;&raquo;][vc_column][vc_text_separator title=&raquo;TEKNIKKVIDEOER TILBYS P\u00c5 FLERE SPR\u00c5K. VELG SPR\u00c5K&raquo; border=&raquo;no&raquo;][vc_empty_space height=&raquo;64px&raquo;][\/vc_column][\/vc_row][vc_row row_type=&raquo;row&raquo; use_row_as_full_screen_section=&raquo;no&raquo; type=&raquo;full_width&raquo; angled_section=&raquo;no&raquo; text_align=&raquo;left&raquo; background_image_as_pattern=&raquo;without_pattern&raquo; css_animation=&raquo;&raquo;][vc_column width=&raquo;1\/3&#8243;][vc_single_image image=&raquo;16447&#8243; alignment=&raquo;center&raquo; style=&raquo;vc_box_circle&raquo; onclick=&raquo;custom_link&raquo; qode_css_animation=&raquo;&raquo; title=&raquo;ENGELSK&raquo; link=&raquo;https:\/\/norsklafteskole.no\/index.php\/english-video-courses&raquo;][\/vc_column][vc_column width=&raquo;1\/3&#8243;][vc_single_image image=&raquo;16446&#8243; alignment=&raquo;center&raquo; style=&raquo;vc_box_circle&raquo; onclick=&raquo;custom_link&raquo; qode_css_animation=&raquo;&raquo; title=&raquo;NORSK&raquo; link=&raquo;https:\/\/norsklafteskole.no\/index.php\/norwegian-video-courses&raquo;][\/vc_column][vc_column width=&raquo;1\/3&#8243;][vc_single_image image=&raquo;16448&#8243; alignment=&raquo;center&raquo; style=&raquo;vc_box_circle&raquo; onclick=&raquo;custom_link&raquo;...\" \/>\n<meta property=\"og:url\" content=\"https:\/\/norsklafteskole.no\/index.php\/course-language\/\" \/>\n<meta property=\"og:site_name\" content=\"Norsk Lafteskole\" \/>\n<meta property=\"article:modified_time\" content=\"2022-08-07T19:46:49+00:00\" \/>\n<meta name=\"twitter:card\" content=\"summary_large_image\" \/>\n<meta name=\"twitter:label1\" content=\"Ansl. lesetid\" \/>\n\t<meta name=\"twitter:data1\" content=\"1 minutt\" \/>\n<script type=\"application\/ld+json\" class=\"yoast-schema-graph\">{\"@context\":\"https:\\\/\\\/schema.org\",\"@graph\":[{\"@type\":\"WebPage\",\"@id\":\"https:\\\/\\\/norsklafteskole.no\\\/index.php\\\/course-language\\\/\",\"url\":\"https:\\\/\\\/norsklafteskole.no\\\/index.php\\\/course-language\\\/\",\"name\":\"VELG VIDEOSPR\u00c5K - Norsk Lafteskole\",\"isPartOf\":{\"@id\":\"https:\\\/\\\/norsklafteskole.no\\\/#website\"},\"datePublished\":\"2015-07-25T14:17:31+00:00\",\"dateModified\":\"2022-08-07T19:46:49+00:00\",\"breadcrumb\":{\"@id\":\"https:\\\/\\\/norsklafteskole.no\\\/index.php\\\/course-language\\\/#breadcrumb\"},\"inLanguage\":\"nb-NO\",\"potentialAction\":[{\"@type\":\"ReadAction\",\"target\":[\"https:\\\/\\\/norsklafteskole.no\\\/index.php\\\/course-language\\\/\"]}]},{\"@type\":\"BreadcrumbList\",\"@id\":\"https:\\\/\\\/norsklafteskole.no\\\/index.php\\\/course-language\\\/#breadcrumb\",\"itemListElement\":[{\"@type\":\"ListItem\",\"position\":1,\"name\":\"Home\",\"item\":\"https:\\\/\\\/norsklafteskole.no\\\/\"},{\"@type\":\"ListItem\",\"position\":2,\"name\":\"VELG VIDEOSPR\u00c5K\"}]},{\"@type\":\"WebSite\",\"@id\":\"https:\\\/\\\/norsklafteskole.no\\\/#website\",\"url\":\"https:\\\/\\\/norsklafteskole.no\\\/\",\"name\":\"Norsk Lafteskole\",\"description\":\"Learn to build traditional log houses\",\"publisher\":{\"@id\":\"https:\\\/\\\/norsklafteskole.no\\\/#organization\"},\"potentialAction\":[{\"@type\":\"SearchAction\",\"target\":{\"@type\":\"EntryPoint\",\"urlTemplate\":\"https:\\\/\\\/norsklafteskole.no\\\/?s={search_term_string}\"},\"query-input\":{\"@type\":\"PropertyValueSpecification\",\"valueRequired\":true,\"valueName\":\"search_term_string\"}}],\"inLanguage\":\"nb-NO\"},{\"@type\":\"Organization\",\"@id\":\"https:\\\/\\\/norsklafteskole.no\\\/#organization\",\"name\":\"Norsk Lafteskole\",\"url\":\"https:\\\/\\\/norsklafteskole.no\\\/\",\"logo\":{\"@type\":\"ImageObject\",\"inLanguage\":\"nb-NO\",\"@id\":\"https:\\\/\\\/norsklafteskole.no\\\/#\\\/schema\\\/logo\\\/image\\\/\",\"url\":\"https:\\\/\\\/norsklafteskole.no\\\/wp-content\\\/uploads\\\/2014\\\/04\\\/Viklogo.jpg\",\"contentUrl\":\"https:\\\/\\\/norsklafteskole.no\\\/wp-content\\\/uploads\\\/2014\\\/04\\\/Viklogo.jpg\",\"width\":150,\"height\":225,\"caption\":\"Norsk Lafteskole\"},\"image\":{\"@id\":\"https:\\\/\\\/norsklafteskole.no\\\/#\\\/schema\\\/logo\\\/image\\\/\"}}]}<\/script>\n<!-- \/ Yoast SEO plugin. -->","yoast_head_json":{"title":"VELG VIDEOSPR\u00c5K - Norsk Lafteskole","robots":{"index":"index","follow":"follow","max-snippet":"max-snippet:-1","max-image-preview":"max-image-preview:large","max-video-preview":"max-video-preview:-1"},"canonical":"https:\/\/norsklafteskole.no\/index.php\/course-language\/","og_locale":"nb_NO","og_type":"article","og_title":"VELG VIDEOSPR\u00c5K - Norsk Lafteskole","og_description":"[vc_row row_type=&raquo;row&raquo; use_row_as_full_screen_section=&raquo;no&raquo; type=&raquo;full_width&raquo; angled_section=&raquo;no&raquo; text_align=&raquo;left&raquo; background_image_as_pattern=&raquo;without_pattern&raquo; css_animation=&raquo;&raquo;][vc_column][vc_text_separator title=&raquo;TEKNIKKVIDEOER TILBYS P\u00c5 FLERE SPR\u00c5K. VELG SPR\u00c5K&raquo; border=&raquo;no&raquo;][vc_empty_space height=&raquo;64px&raquo;][\/vc_column][\/vc_row][vc_row row_type=&raquo;row&raquo; use_row_as_full_screen_section=&raquo;no&raquo; type=&raquo;full_width&raquo; angled_section=&raquo;no&raquo; text_align=&raquo;left&raquo; background_image_as_pattern=&raquo;without_pattern&raquo; css_animation=&raquo;&raquo;][vc_column width=&raquo;1\/3&#8243;][vc_single_image image=&raquo;16447&#8243; alignment=&raquo;center&raquo; style=&raquo;vc_box_circle&raquo; onclick=&raquo;custom_link&raquo; qode_css_animation=&raquo;&raquo; title=&raquo;ENGELSK&raquo; link=&raquo;https:\/\/norsklafteskole.no\/index.php\/english-video-courses&raquo;][\/vc_column][vc_column width=&raquo;1\/3&#8243;][vc_single_image image=&raquo;16446&#8243; alignment=&raquo;center&raquo; style=&raquo;vc_box_circle&raquo; onclick=&raquo;custom_link&raquo; qode_css_animation=&raquo;&raquo; title=&raquo;NORSK&raquo; link=&raquo;https:\/\/norsklafteskole.no\/index.php\/norwegian-video-courses&raquo;][\/vc_column][vc_column width=&raquo;1\/3&#8243;][vc_single_image image=&raquo;16448&#8243; alignment=&raquo;center&raquo; style=&raquo;vc_box_circle&raquo; onclick=&raquo;custom_link&raquo;...","og_url":"https:\/\/norsklafteskole.no\/index.php\/course-language\/","og_site_name":"Norsk Lafteskole","article_modified_time":"2022-08-07T19:46:49+00:00","twitter_card":"summary_large_image","twitter_misc":{"Ansl. lesetid":"1 minutt"},"schema":{"@context":"https:\/\/schema.org","@graph":[{"@type":"WebPage","@id":"https:\/\/norsklafteskole.no\/index.php\/course-language\/","url":"https:\/\/norsklafteskole.no\/index.php\/course-language\/","name":"VELG VIDEOSPR\u00c5K - Norsk Lafteskole","isPartOf":{"@id":"https:\/\/norsklafteskole.no\/#website"},"datePublished":"2015-07-25T14:17:31+00:00","dateModified":"2022-08-07T19:46:49+00:00","breadcrumb":{"@id":"https:\/\/norsklafteskole.no\/index.php\/course-language\/#breadcrumb"},"inLanguage":"nb-NO","potentialAction":[{"@type":"ReadAction","target":["https:\/\/norsklafteskole.no\/index.php\/course-language\/"]}]},{"@type":"BreadcrumbList","@id":"https:\/\/norsklafteskole.no\/index.php\/course-language\/#breadcrumb","itemListElement":[{"@type":"ListItem","position":1,"name":"Home","item":"https:\/\/norsklafteskole.no\/"},{"@type":"ListItem","position":2,"name":"VELG VIDEOSPR\u00c5K"}]},{"@type":"WebSite","@id":"https:\/\/norsklafteskole.no\/#website","url":"https:\/\/norsklafteskole.no\/","name":"Norsk Lafteskole","description":"Learn to build traditional log houses","publisher":{"@id":"https:\/\/norsklafteskole.no\/#organization"},"potentialAction":[{"@type":"SearchAction","target":{"@type":"EntryPoint","urlTemplate":"https:\/\/norsklafteskole.no\/?s={search_term_string}"},"query-input":{"@type":"PropertyValueSpecification","valueRequired":true,"valueName":"search_term_string"}}],"inLanguage":"nb-NO"},{"@type":"Organization","@id":"https:\/\/norsklafteskole.no\/#organization","name":"Norsk Lafteskole","url":"https:\/\/norsklafteskole.no\/","logo":{"@type":"ImageObject","inLanguage":"nb-NO","@id":"https:\/\/norsklafteskole.no\/#\/schema\/logo\/image\/","url":"https:\/\/norsklafteskole.no\/wp-content\/uploads\/2014\/04\/Viklogo.jpg","contentUrl":"https:\/\/norsklafteskole.no\/wp-content\/uploads\/2014\/04\/Viklogo.jpg","width":150,"height":225,"caption":"Norsk Lafteskole"},"image":{"@id":"https:\/\/norsklafteskole.no\/#\/schema\/logo\/image\/"}}]}},"_links":{"self":[{"href":"https:\/\/norsklafteskole.no\/index.php\/wp-json\/wp\/v2\/pages\/16471","targetHints":{"allow":["GET"]}}],"collection":[{"href":"https:\/\/norsklafteskole.no\/index.php\/wp-json\/wp\/v2\/pages"}],"about":[{"href":"https:\/\/norsklafteskole.no\/index.php\/wp-json\/wp\/v2\/types\/page"}],"author":[{"embeddable":true,"href":"https:\/\/norsklafteskole.no\/index.php\/wp-json\/wp\/v2\/users\/3"}],"replies":[{"embeddable":true,"href":"https:\/\/norsklafteskole.no\/index.php\/wp-json\/wp\/v2\/comments?post=16471"}],"version-history":[{"count":25,"href":"https:\/\/norsklafteskole.no\/index.php\/wp-json\/wp\/v2\/pages\/16471\/revisions"}],"predecessor-version":[{"id":20516,"href":"https:\/\/norsklafteskole.no\/index.php\/wp-json\/wp\/v2\/pages\/16471\/revisions\/20516"}],"wp:attachment":[{"href":"https:\/\/norsklafteskole.no\/index.php\/wp-json\/wp\/v2\/media?parent=16471"}],"curies":[{"name":"wp","href":"https:\/\/api.w.org\/{rel}","templated":true}]}}