{"id":15900,"date":"2015-08-02T12:11:48","date_gmt":"2015-08-02T12:11:48","guid":{"rendered":"http:\/\/new.norsklafteskole.no\/?post_type=product&#038;p=15900"},"modified":"2024-04-28T07:29:06","modified_gmt":"2024-04-28T07:29:06","slug":"les-murs-dune-fuste-dvd","status":"publish","type":"product","link":"https:\/\/norsklafteskole.no\/index.php\/produkt\/les-murs-dune-fuste-dvd\/?lang=en","title":{"rendered":"VIDEO: LES MURS D&#8217;UNE FUSTE"},"content":{"rendered":"<p><strong>Cette vid\u00e9o montre \u00e9tape par \u00e9tape comment pr\u00e9parer, traceur et tailler un mur en rondins.<\/strong> C&#8217;est une methode sans preentaille, qui utilise la methode norv\u00e9gienne du point z\u00e9ro. Un compas traceur \u00e0 niveau est plus pr\u00e9cis qu&#8217;un simple compas. Apr\u00e8s avoir tracer, le rondin est retourn\u00e9 et tailler en une \u00e9tape. Le video est le deuxi\u00e8me d&#8217;une s\u00e9rie de trois vid\u00e9os sur la m\u00e8thode norv\u00e9gienne. <strong><span lang=\"fr\">Disponible maintenant sur une cl\u00e9 USB<\/span><\/strong><\/p>\n<pre id=\"tw-target-text\" class=\"tw-data-text tw-text-large XcVN5d tw-ta\" dir=\"ltr\" data-placeholder=\"Oversettelse\"><\/pre>\n","protected":false},"excerpt":{"rendered":"<p><strong>Cette vid\u00e9o montre \u00e9tape par \u00e9tape comment pr\u00e9parer, traceur et tailler un mur en rondins.<\/strong> C&#8217;est une methode sans preentaille, qui utilise la methode norv\u00e9gienne du point z\u00e9ro. <strong><span lang=\"fr\">Disponible maintenant sur une cl\u00e9 USB<\/span><\/strong><\/p>\n","protected":false},"featured_media":15899,"comment_status":"open","ping_status":"closed","template":"","meta":[],"product_brand":[],"product_cat":[68],"product_tag":[],"class_list":{"0":"post-15900","1":"product","2":"type-product","3":"status-publish","4":"has-post-thumbnail","6":"product_cat-frenchcourses","7":"product_shipping_class-dvdshippingdomestic","8":"pa_physical-dvd-physical","9":"pa_physical-dvd-virtual","11":"first","12":"instock","13":"shipping-taxable","14":"purchasable","15":"product-type-variable","16":"has-default-attributes"},"yoast_head":"<!-- This site is optimized with the Yoast SEO plugin v27.5 - https:\/\/yoast.com\/product\/yoast-seo-wordpress\/ -->\n<title>VIDEO: LES MURS D&#039;UNE FUSTE - Norsk Lafteskole<\/title>\n<meta name=\"robots\" content=\"index, follow, max-snippet:-1, max-image-preview:large, max-video-preview:-1\" \/>\n<link rel=\"canonical\" href=\"https:\/\/norsklafteskole.no\/index.php\/produkt\/les-murs-dune-fuste-dvd\/?lang=en\" \/>\n<meta property=\"og:locale\" content=\"nb_NO\" \/>\n<meta property=\"og:type\" content=\"article\" \/>\n<meta property=\"og:title\" content=\"VIDEO: LES MURS D&#039;UNE FUSTE - Norsk Lafteskole\" \/>\n<meta property=\"og:description\" content=\"Cette vid\u00e9o montre \u00e9tape par \u00e9tape comment pr\u00e9parer, traceur et tailler un mur en rondins. C&#039;est une methode sans preentaille, qui utilise la methode norv\u00e9gienne du point z\u00e9ro. Disponible maintenant sur une cl\u00e9 USB\" \/>\n<meta property=\"og:url\" content=\"https:\/\/norsklafteskole.no\/index.php\/produkt\/les-murs-dune-fuste-dvd\/?lang=en\" \/>\n<meta property=\"og:site_name\" content=\"Norsk Lafteskole\" \/>\n<meta property=\"article:modified_time\" content=\"2024-04-28T07:29:06+00:00\" \/>\n<meta property=\"og:image\" content=\"https:\/\/norsklafteskole.no\/wp-content\/uploads\/2015\/08\/Les-Mer-e1610117003724.jpg\" \/>\n\t<meta property=\"og:image:width\" content=\"150\" \/>\n\t<meta property=\"og:image:height\" content=\"216\" \/>\n\t<meta property=\"og:image:type\" content=\"image\/jpeg\" \/>\n<meta name=\"twitter:card\" content=\"summary_large_image\" \/>\n<meta name=\"twitter:label1\" content=\"Ansl. lesetid\" \/>\n\t<meta name=\"twitter:data1\" content=\"1 minutt\" \/>\n<script type=\"application\/ld+json\" class=\"yoast-schema-graph\">{\"@context\":\"https:\\\/\\\/schema.org\",\"@graph\":[{\"@type\":\"WebPage\",\"@id\":\"https:\\\/\\\/norsklafteskole.no\\\/index.php\\\/produkt\\\/les-murs-dune-fuste-dvd\\\/?lang=en\",\"url\":\"https:\\\/\\\/norsklafteskole.no\\\/index.php\\\/produkt\\\/les-murs-dune-fuste-dvd\\\/?lang=en\",\"name\":\"VIDEO: LES MURS D'UNE FUSTE - Norsk Lafteskole\",\"isPartOf\":{\"@id\":\"https:\\\/\\\/norsklafteskole.no\\\/#website\"},\"primaryImageOfPage\":{\"@id\":\"https:\\\/\\\/norsklafteskole.no\\\/index.php\\\/produkt\\\/les-murs-dune-fuste-dvd\\\/?lang=en#primaryimage\"},\"image\":{\"@id\":\"https:\\\/\\\/norsklafteskole.no\\\/index.php\\\/produkt\\\/les-murs-dune-fuste-dvd\\\/?lang=en#primaryimage\"},\"thumbnailUrl\":\"https:\\\/\\\/norsklafteskole.no\\\/wp-content\\\/uploads\\\/2015\\\/08\\\/Les-Mer-e1610117003724.jpg\",\"datePublished\":\"2015-08-02T12:11:48+00:00\",\"dateModified\":\"2024-04-28T07:29:06+00:00\",\"breadcrumb\":{\"@id\":\"https:\\\/\\\/norsklafteskole.no\\\/index.php\\\/produkt\\\/les-murs-dune-fuste-dvd\\\/?lang=en#breadcrumb\"},\"inLanguage\":\"nb-NO\",\"potentialAction\":[{\"@type\":\"ReadAction\",\"target\":[\"https:\\\/\\\/norsklafteskole.no\\\/index.php\\\/produkt\\\/les-murs-dune-fuste-dvd\\\/?lang=en\"]}]},{\"@type\":\"ImageObject\",\"inLanguage\":\"nb-NO\",\"@id\":\"https:\\\/\\\/norsklafteskole.no\\\/index.php\\\/produkt\\\/les-murs-dune-fuste-dvd\\\/?lang=en#primaryimage\",\"url\":\"https:\\\/\\\/norsklafteskole.no\\\/wp-content\\\/uploads\\\/2015\\\/08\\\/Les-Mer-e1610117003724.jpg\",\"contentUrl\":\"https:\\\/\\\/norsklafteskole.no\\\/wp-content\\\/uploads\\\/2015\\\/08\\\/Les-Mer-e1610117003724.jpg\",\"width\":150,\"height\":216},{\"@type\":\"BreadcrumbList\",\"@id\":\"https:\\\/\\\/norsklafteskole.no\\\/index.php\\\/produkt\\\/les-murs-dune-fuste-dvd\\\/?lang=en#breadcrumb\",\"itemListElement\":[{\"@type\":\"ListItem\",\"position\":1,\"name\":\"Home\",\"item\":\"https:\\\/\\\/norsklafteskole.no\\\/\"},{\"@type\":\"ListItem\",\"position\":2,\"name\":\"Butikk\",\"item\":\"https:\\\/\\\/norsklafteskole.no\\\/index.php\\\/butikk\\\/\"},{\"@type\":\"ListItem\",\"position\":3,\"name\":\"VIDEO: LES MURS D&#8217;UNE FUSTE\"}]},{\"@type\":\"WebSite\",\"@id\":\"https:\\\/\\\/norsklafteskole.no\\\/#website\",\"url\":\"https:\\\/\\\/norsklafteskole.no\\\/\",\"name\":\"Norsk Lafteskole\",\"description\":\"Learn to build traditional log houses\",\"publisher\":{\"@id\":\"https:\\\/\\\/norsklafteskole.no\\\/#organization\"},\"potentialAction\":[{\"@type\":\"SearchAction\",\"target\":{\"@type\":\"EntryPoint\",\"urlTemplate\":\"https:\\\/\\\/norsklafteskole.no\\\/?s={search_term_string}\"},\"query-input\":{\"@type\":\"PropertyValueSpecification\",\"valueRequired\":true,\"valueName\":\"search_term_string\"}}],\"inLanguage\":\"nb-NO\"},{\"@type\":\"Organization\",\"@id\":\"https:\\\/\\\/norsklafteskole.no\\\/#organization\",\"name\":\"Norsk Lafteskole\",\"url\":\"https:\\\/\\\/norsklafteskole.no\\\/\",\"logo\":{\"@type\":\"ImageObject\",\"inLanguage\":\"nb-NO\",\"@id\":\"https:\\\/\\\/norsklafteskole.no\\\/#\\\/schema\\\/logo\\\/image\\\/\",\"url\":\"https:\\\/\\\/norsklafteskole.no\\\/wp-content\\\/uploads\\\/2014\\\/04\\\/Viklogo.jpg\",\"contentUrl\":\"https:\\\/\\\/norsklafteskole.no\\\/wp-content\\\/uploads\\\/2014\\\/04\\\/Viklogo.jpg\",\"width\":150,\"height\":225,\"caption\":\"Norsk Lafteskole\"},\"image\":{\"@id\":\"https:\\\/\\\/norsklafteskole.no\\\/#\\\/schema\\\/logo\\\/image\\\/\"}}]}<\/script>\n<!-- \/ Yoast SEO plugin. -->","yoast_head_json":{"title":"VIDEO: LES MURS D'UNE FUSTE - Norsk Lafteskole","robots":{"index":"index","follow":"follow","max-snippet":"max-snippet:-1","max-image-preview":"max-image-preview:large","max-video-preview":"max-video-preview:-1"},"canonical":"https:\/\/norsklafteskole.no\/index.php\/produkt\/les-murs-dune-fuste-dvd\/?lang=en","og_locale":"nb_NO","og_type":"article","og_title":"VIDEO: LES MURS D'UNE FUSTE - Norsk Lafteskole","og_description":"Cette vid\u00e9o montre \u00e9tape par \u00e9tape comment pr\u00e9parer, traceur et tailler un mur en rondins. C'est une methode sans preentaille, qui utilise la methode norv\u00e9gienne du point z\u00e9ro. Disponible maintenant sur une cl\u00e9 USB","og_url":"https:\/\/norsklafteskole.no\/index.php\/produkt\/les-murs-dune-fuste-dvd\/?lang=en","og_site_name":"Norsk Lafteskole","article_modified_time":"2024-04-28T07:29:06+00:00","og_image":[{"width":150,"height":216,"url":"https:\/\/norsklafteskole.no\/wp-content\/uploads\/2015\/08\/Les-Mer-e1610117003724.jpg","type":"image\/jpeg"}],"twitter_card":"summary_large_image","twitter_misc":{"Ansl. lesetid":"1 minutt"},"schema":{"@context":"https:\/\/schema.org","@graph":[{"@type":"WebPage","@id":"https:\/\/norsklafteskole.no\/index.php\/produkt\/les-murs-dune-fuste-dvd\/?lang=en","url":"https:\/\/norsklafteskole.no\/index.php\/produkt\/les-murs-dune-fuste-dvd\/?lang=en","name":"VIDEO: LES MURS D'UNE FUSTE - Norsk Lafteskole","isPartOf":{"@id":"https:\/\/norsklafteskole.no\/#website"},"primaryImageOfPage":{"@id":"https:\/\/norsklafteskole.no\/index.php\/produkt\/les-murs-dune-fuste-dvd\/?lang=en#primaryimage"},"image":{"@id":"https:\/\/norsklafteskole.no\/index.php\/produkt\/les-murs-dune-fuste-dvd\/?lang=en#primaryimage"},"thumbnailUrl":"https:\/\/norsklafteskole.no\/wp-content\/uploads\/2015\/08\/Les-Mer-e1610117003724.jpg","datePublished":"2015-08-02T12:11:48+00:00","dateModified":"2024-04-28T07:29:06+00:00","breadcrumb":{"@id":"https:\/\/norsklafteskole.no\/index.php\/produkt\/les-murs-dune-fuste-dvd\/?lang=en#breadcrumb"},"inLanguage":"nb-NO","potentialAction":[{"@type":"ReadAction","target":["https:\/\/norsklafteskole.no\/index.php\/produkt\/les-murs-dune-fuste-dvd\/?lang=en"]}]},{"@type":"ImageObject","inLanguage":"nb-NO","@id":"https:\/\/norsklafteskole.no\/index.php\/produkt\/les-murs-dune-fuste-dvd\/?lang=en#primaryimage","url":"https:\/\/norsklafteskole.no\/wp-content\/uploads\/2015\/08\/Les-Mer-e1610117003724.jpg","contentUrl":"https:\/\/norsklafteskole.no\/wp-content\/uploads\/2015\/08\/Les-Mer-e1610117003724.jpg","width":150,"height":216},{"@type":"BreadcrumbList","@id":"https:\/\/norsklafteskole.no\/index.php\/produkt\/les-murs-dune-fuste-dvd\/?lang=en#breadcrumb","itemListElement":[{"@type":"ListItem","position":1,"name":"Home","item":"https:\/\/norsklafteskole.no\/"},{"@type":"ListItem","position":2,"name":"Butikk","item":"https:\/\/norsklafteskole.no\/index.php\/butikk\/"},{"@type":"ListItem","position":3,"name":"VIDEO: LES MURS D&#8217;UNE FUSTE"}]},{"@type":"WebSite","@id":"https:\/\/norsklafteskole.no\/#website","url":"https:\/\/norsklafteskole.no\/","name":"Norsk Lafteskole","description":"Learn to build traditional log houses","publisher":{"@id":"https:\/\/norsklafteskole.no\/#organization"},"potentialAction":[{"@type":"SearchAction","target":{"@type":"EntryPoint","urlTemplate":"https:\/\/norsklafteskole.no\/?s={search_term_string}"},"query-input":{"@type":"PropertyValueSpecification","valueRequired":true,"valueName":"search_term_string"}}],"inLanguage":"nb-NO"},{"@type":"Organization","@id":"https:\/\/norsklafteskole.no\/#organization","name":"Norsk Lafteskole","url":"https:\/\/norsklafteskole.no\/","logo":{"@type":"ImageObject","inLanguage":"nb-NO","@id":"https:\/\/norsklafteskole.no\/#\/schema\/logo\/image\/","url":"https:\/\/norsklafteskole.no\/wp-content\/uploads\/2014\/04\/Viklogo.jpg","contentUrl":"https:\/\/norsklafteskole.no\/wp-content\/uploads\/2014\/04\/Viklogo.jpg","width":150,"height":225,"caption":"Norsk Lafteskole"},"image":{"@id":"https:\/\/norsklafteskole.no\/#\/schema\/logo\/image\/"}}]}},"_links":{"self":[{"href":"https:\/\/norsklafteskole.no\/index.php\/wp-json\/wp\/v2\/product\/15900","targetHints":{"allow":["GET"]}}],"collection":[{"href":"https:\/\/norsklafteskole.no\/index.php\/wp-json\/wp\/v2\/product"}],"about":[{"href":"https:\/\/norsklafteskole.no\/index.php\/wp-json\/wp\/v2\/types\/product"}],"replies":[{"embeddable":true,"href":"https:\/\/norsklafteskole.no\/index.php\/wp-json\/wp\/v2\/comments?post=15900"}],"wp:featuredmedia":[{"embeddable":true,"href":"https:\/\/norsklafteskole.no\/index.php\/wp-json\/wp\/v2\/media\/15899"}],"wp:attachment":[{"href":"https:\/\/norsklafteskole.no\/index.php\/wp-json\/wp\/v2\/media?parent=15900"}],"wp:term":[{"taxonomy":"product_brand","embeddable":true,"href":"https:\/\/norsklafteskole.no\/index.php\/wp-json\/wp\/v2\/product_brand?post=15900"},{"taxonomy":"product_cat","embeddable":true,"href":"https:\/\/norsklafteskole.no\/index.php\/wp-json\/wp\/v2\/product_cat?post=15900"},{"taxonomy":"product_tag","embeddable":true,"href":"https:\/\/norsklafteskole.no\/index.php\/wp-json\/wp\/v2\/product_tag?post=15900"}],"curies":[{"name":"wp","href":"https:\/\/api.w.org\/{rel}","templated":true}]}}