{"id":16532,"date":"2015-11-21T15:42:21","date_gmt":"2015-11-21T15:42:21","guid":{"rendered":"http:\/\/new.norsklafteskole.no\/?post_type=product&#038;p=16532&#038;lang=nb"},"modified":"2026-04-24T16:11:49","modified_gmt":"2026-04-24T16:11:49","slug":"bunnstokker-3","status":"publish","type":"product","link":"https:\/\/norsklafteskole.no\/index.php\/produkt\/bunnstokker-3\/","title":{"rendered":"Video: Bunnstokker i Laft. Klargj\u00f8ring og Legging"},"content":{"rendered":"<p><strong>Videoen viser klargj\u00f8ring av 6 toms bunnstokker, midlertidig g-mur med bord og lafting av hj\u00f8rneknuten<\/strong>. Du blir geleidet trinn for trinn gjennom prosessen, klare filmklipp og kommentarer leder deg hele tiden gjennom videoen.<b>INTERAKTIV MENY.\u00a0<\/b>Du kan velge \u00e5 se hele dvden eller navigere deg frem til den delen som interesserer deg mest. 40 minutter med masse r\u00e5d og vink. 23 \u00e5rs erfaring som laftel\u00e6rer ligger bak innholdet i videoen.<br \/>\nResultatet er norsk nullpunkt lafting av yperste klasse.<b> Kan leveres p\u00e5 USB minnepenn.<\/b><\/p>\n","protected":false},"excerpt":{"rendered":"<p><strong>Videoen viser klargj\u00f8ring av 6 toms bunnstokker, midlertidig planke g-mur og lafting av hj\u00f8rneknuten<\/strong>. Du blir ledet trinn for trinn gjennom prosessen, klare filmklipp og kommentarer geleider deg hele tiden gjennom videoen. <strong>Kan leveres p\u00e5 USB minnepenn<\/strong><\/p>\n","protected":false},"featured_media":18148,"comment_status":"open","ping_status":"closed","template":"","meta":[],"product_brand":[],"product_cat":[89],"product_tag":[],"class_list":{"0":"post-16532","1":"product","2":"type-product","3":"status-publish","4":"has-post-thumbnail","6":"product_cat-panorsk","7":"product_shipping_class-dvdshippingdomestic","8":"pa_physical-dvd-dvd","9":"pa_physical-dvd-nedlastbare","11":"first","12":"instock","13":"shipping-taxable","14":"purchasable","15":"product-type-variable"},"yoast_head":"<!-- This site is optimized with the Yoast SEO plugin v27.5 - https:\/\/yoast.com\/product\/yoast-seo-wordpress\/ -->\n<title>Video: Bunnstokker i Laft. Klargj\u00f8ring og Legging - Norsk Lafteskole<\/title>\n<meta name=\"robots\" content=\"index, follow, max-snippet:-1, max-image-preview:large, max-video-preview:-1\" \/>\n<link rel=\"canonical\" href=\"https:\/\/norsklafteskole.no\/index.php\/produkt\/bunnstokker-3\/\" \/>\n<meta property=\"og:locale\" content=\"nb_NO\" \/>\n<meta property=\"og:type\" content=\"article\" \/>\n<meta property=\"og:title\" content=\"Video: Bunnstokker i Laft. Klargj\u00f8ring og Legging - Norsk Lafteskole\" \/>\n<meta property=\"og:description\" content=\"Videoen viser klargj\u00f8ring av 6 toms bunnstokker, midlertidig planke g-mur og lafting av hj\u00f8rneknuten. Du blir ledet trinn for trinn gjennom prosessen, klare filmklipp og kommentarer geleider deg hele tiden gjennom videoen. Kan leveres p\u00e5 USB minnepenn\" \/>\n<meta property=\"og:url\" content=\"https:\/\/norsklafteskole.no\/index.php\/produkt\/bunnstokker-3\/\" \/>\n<meta property=\"og:site_name\" content=\"Norsk Lafteskole\" \/>\n<meta property=\"article:modified_time\" content=\"2026-04-24T16:11:49+00:00\" \/>\n<meta property=\"og:image\" content=\"https:\/\/norsklafteskole.no\/wp-content\/uploads\/2015\/11\/bunnstokker-i-laft-.jpg\" \/>\n\t<meta property=\"og:image:width\" content=\"200\" \/>\n\t<meta property=\"og:image:height\" content=\"284\" \/>\n\t<meta property=\"og:image:type\" content=\"image\/jpeg\" \/>\n<meta name=\"twitter:card\" content=\"summary_large_image\" \/>\n<meta name=\"twitter:label1\" content=\"Ansl. lesetid\" \/>\n\t<meta name=\"twitter:data1\" content=\"1 minutt\" \/>\n<script type=\"application\/ld+json\" class=\"yoast-schema-graph\">{\"@context\":\"https:\\\/\\\/schema.org\",\"@graph\":[{\"@type\":\"WebPage\",\"@id\":\"https:\\\/\\\/norsklafteskole.no\\\/index.php\\\/produkt\\\/bunnstokker-3\\\/\",\"url\":\"https:\\\/\\\/norsklafteskole.no\\\/index.php\\\/produkt\\\/bunnstokker-3\\\/\",\"name\":\"Video: Bunnstokker i Laft. Klargj\u00f8ring og Legging - Norsk Lafteskole\",\"isPartOf\":{\"@id\":\"https:\\\/\\\/norsklafteskole.no\\\/#website\"},\"primaryImageOfPage\":{\"@id\":\"https:\\\/\\\/norsklafteskole.no\\\/index.php\\\/produkt\\\/bunnstokker-3\\\/#primaryimage\"},\"image\":{\"@id\":\"https:\\\/\\\/norsklafteskole.no\\\/index.php\\\/produkt\\\/bunnstokker-3\\\/#primaryimage\"},\"thumbnailUrl\":\"https:\\\/\\\/norsklafteskole.no\\\/wp-content\\\/uploads\\\/2015\\\/11\\\/bunnstokker-i-laft-.jpg\",\"datePublished\":\"2015-11-21T15:42:21+00:00\",\"dateModified\":\"2026-04-24T16:11:49+00:00\",\"breadcrumb\":{\"@id\":\"https:\\\/\\\/norsklafteskole.no\\\/index.php\\\/produkt\\\/bunnstokker-3\\\/#breadcrumb\"},\"inLanguage\":\"nb-NO\",\"potentialAction\":[{\"@type\":\"ReadAction\",\"target\":[\"https:\\\/\\\/norsklafteskole.no\\\/index.php\\\/produkt\\\/bunnstokker-3\\\/\"]}]},{\"@type\":\"ImageObject\",\"inLanguage\":\"nb-NO\",\"@id\":\"https:\\\/\\\/norsklafteskole.no\\\/index.php\\\/produkt\\\/bunnstokker-3\\\/#primaryimage\",\"url\":\"https:\\\/\\\/norsklafteskole.no\\\/wp-content\\\/uploads\\\/2015\\\/11\\\/bunnstokker-i-laft-.jpg\",\"contentUrl\":\"https:\\\/\\\/norsklafteskole.no\\\/wp-content\\\/uploads\\\/2015\\\/11\\\/bunnstokker-i-laft-.jpg\",\"width\":200,\"height\":284},{\"@type\":\"BreadcrumbList\",\"@id\":\"https:\\\/\\\/norsklafteskole.no\\\/index.php\\\/produkt\\\/bunnstokker-3\\\/#breadcrumb\",\"itemListElement\":[{\"@type\":\"ListItem\",\"position\":1,\"name\":\"Home\",\"item\":\"https:\\\/\\\/norsklafteskole.no\\\/\"},{\"@type\":\"ListItem\",\"position\":2,\"name\":\"Butikk\",\"item\":\"https:\\\/\\\/norsklafteskole.no\\\/index.php\\\/butikk\\\/\"},{\"@type\":\"ListItem\",\"position\":3,\"name\":\"Video: Bunnstokker i Laft. Klargj\u00f8ring og Legging\"}]},{\"@type\":\"WebSite\",\"@id\":\"https:\\\/\\\/norsklafteskole.no\\\/#website\",\"url\":\"https:\\\/\\\/norsklafteskole.no\\\/\",\"name\":\"Norsk Lafteskole\",\"description\":\"Learn to build traditional log houses\",\"publisher\":{\"@id\":\"https:\\\/\\\/norsklafteskole.no\\\/#organization\"},\"potentialAction\":[{\"@type\":\"SearchAction\",\"target\":{\"@type\":\"EntryPoint\",\"urlTemplate\":\"https:\\\/\\\/norsklafteskole.no\\\/?s={search_term_string}\"},\"query-input\":{\"@type\":\"PropertyValueSpecification\",\"valueRequired\":true,\"valueName\":\"search_term_string\"}}],\"inLanguage\":\"nb-NO\"},{\"@type\":\"Organization\",\"@id\":\"https:\\\/\\\/norsklafteskole.no\\\/#organization\",\"name\":\"Norsk Lafteskole\",\"url\":\"https:\\\/\\\/norsklafteskole.no\\\/\",\"logo\":{\"@type\":\"ImageObject\",\"inLanguage\":\"nb-NO\",\"@id\":\"https:\\\/\\\/norsklafteskole.no\\\/#\\\/schema\\\/logo\\\/image\\\/\",\"url\":\"https:\\\/\\\/norsklafteskole.no\\\/wp-content\\\/uploads\\\/2014\\\/04\\\/Viklogo.jpg\",\"contentUrl\":\"https:\\\/\\\/norsklafteskole.no\\\/wp-content\\\/uploads\\\/2014\\\/04\\\/Viklogo.jpg\",\"width\":150,\"height\":225,\"caption\":\"Norsk Lafteskole\"},\"image\":{\"@id\":\"https:\\\/\\\/norsklafteskole.no\\\/#\\\/schema\\\/logo\\\/image\\\/\"}}]}<\/script>\n<!-- \/ Yoast SEO plugin. -->","yoast_head_json":{"title":"Video: Bunnstokker i Laft. Klargj\u00f8ring og Legging - Norsk Lafteskole","robots":{"index":"index","follow":"follow","max-snippet":"max-snippet:-1","max-image-preview":"max-image-preview:large","max-video-preview":"max-video-preview:-1"},"canonical":"https:\/\/norsklafteskole.no\/index.php\/produkt\/bunnstokker-3\/","og_locale":"nb_NO","og_type":"article","og_title":"Video: Bunnstokker i Laft. Klargj\u00f8ring og Legging - Norsk Lafteskole","og_description":"Videoen viser klargj\u00f8ring av 6 toms bunnstokker, midlertidig planke g-mur og lafting av hj\u00f8rneknuten. Du blir ledet trinn for trinn gjennom prosessen, klare filmklipp og kommentarer geleider deg hele tiden gjennom videoen. Kan leveres p\u00e5 USB minnepenn","og_url":"https:\/\/norsklafteskole.no\/index.php\/produkt\/bunnstokker-3\/","og_site_name":"Norsk Lafteskole","article_modified_time":"2026-04-24T16:11:49+00:00","og_image":[{"width":200,"height":284,"url":"https:\/\/norsklafteskole.no\/wp-content\/uploads\/2015\/11\/bunnstokker-i-laft-.jpg","type":"image\/jpeg"}],"twitter_card":"summary_large_image","twitter_misc":{"Ansl. lesetid":"1 minutt"},"schema":{"@context":"https:\/\/schema.org","@graph":[{"@type":"WebPage","@id":"https:\/\/norsklafteskole.no\/index.php\/produkt\/bunnstokker-3\/","url":"https:\/\/norsklafteskole.no\/index.php\/produkt\/bunnstokker-3\/","name":"Video: Bunnstokker i Laft. Klargj\u00f8ring og Legging - Norsk Lafteskole","isPartOf":{"@id":"https:\/\/norsklafteskole.no\/#website"},"primaryImageOfPage":{"@id":"https:\/\/norsklafteskole.no\/index.php\/produkt\/bunnstokker-3\/#primaryimage"},"image":{"@id":"https:\/\/norsklafteskole.no\/index.php\/produkt\/bunnstokker-3\/#primaryimage"},"thumbnailUrl":"https:\/\/norsklafteskole.no\/wp-content\/uploads\/2015\/11\/bunnstokker-i-laft-.jpg","datePublished":"2015-11-21T15:42:21+00:00","dateModified":"2026-04-24T16:11:49+00:00","breadcrumb":{"@id":"https:\/\/norsklafteskole.no\/index.php\/produkt\/bunnstokker-3\/#breadcrumb"},"inLanguage":"nb-NO","potentialAction":[{"@type":"ReadAction","target":["https:\/\/norsklafteskole.no\/index.php\/produkt\/bunnstokker-3\/"]}]},{"@type":"ImageObject","inLanguage":"nb-NO","@id":"https:\/\/norsklafteskole.no\/index.php\/produkt\/bunnstokker-3\/#primaryimage","url":"https:\/\/norsklafteskole.no\/wp-content\/uploads\/2015\/11\/bunnstokker-i-laft-.jpg","contentUrl":"https:\/\/norsklafteskole.no\/wp-content\/uploads\/2015\/11\/bunnstokker-i-laft-.jpg","width":200,"height":284},{"@type":"BreadcrumbList","@id":"https:\/\/norsklafteskole.no\/index.php\/produkt\/bunnstokker-3\/#breadcrumb","itemListElement":[{"@type":"ListItem","position":1,"name":"Home","item":"https:\/\/norsklafteskole.no\/"},{"@type":"ListItem","position":2,"name":"Butikk","item":"https:\/\/norsklafteskole.no\/index.php\/butikk\/"},{"@type":"ListItem","position":3,"name":"Video: Bunnstokker i Laft. Klargj\u00f8ring og Legging"}]},{"@type":"WebSite","@id":"https:\/\/norsklafteskole.no\/#website","url":"https:\/\/norsklafteskole.no\/","name":"Norsk Lafteskole","description":"Learn to build traditional log houses","publisher":{"@id":"https:\/\/norsklafteskole.no\/#organization"},"potentialAction":[{"@type":"SearchAction","target":{"@type":"EntryPoint","urlTemplate":"https:\/\/norsklafteskole.no\/?s={search_term_string}"},"query-input":{"@type":"PropertyValueSpecification","valueRequired":true,"valueName":"search_term_string"}}],"inLanguage":"nb-NO"},{"@type":"Organization","@id":"https:\/\/norsklafteskole.no\/#organization","name":"Norsk Lafteskole","url":"https:\/\/norsklafteskole.no\/","logo":{"@type":"ImageObject","inLanguage":"nb-NO","@id":"https:\/\/norsklafteskole.no\/#\/schema\/logo\/image\/","url":"https:\/\/norsklafteskole.no\/wp-content\/uploads\/2014\/04\/Viklogo.jpg","contentUrl":"https:\/\/norsklafteskole.no\/wp-content\/uploads\/2014\/04\/Viklogo.jpg","width":150,"height":225,"caption":"Norsk Lafteskole"},"image":{"@id":"https:\/\/norsklafteskole.no\/#\/schema\/logo\/image\/"}}]}},"_links":{"self":[{"href":"https:\/\/norsklafteskole.no\/index.php\/wp-json\/wp\/v2\/product\/16532","targetHints":{"allow":["GET"]}}],"collection":[{"href":"https:\/\/norsklafteskole.no\/index.php\/wp-json\/wp\/v2\/product"}],"about":[{"href":"https:\/\/norsklafteskole.no\/index.php\/wp-json\/wp\/v2\/types\/product"}],"replies":[{"embeddable":true,"href":"https:\/\/norsklafteskole.no\/index.php\/wp-json\/wp\/v2\/comments?post=16532"}],"wp:featuredmedia":[{"embeddable":true,"href":"https:\/\/norsklafteskole.no\/index.php\/wp-json\/wp\/v2\/media\/18148"}],"wp:attachment":[{"href":"https:\/\/norsklafteskole.no\/index.php\/wp-json\/wp\/v2\/media?parent=16532"}],"wp:term":[{"taxonomy":"product_brand","embeddable":true,"href":"https:\/\/norsklafteskole.no\/index.php\/wp-json\/wp\/v2\/product_brand?post=16532"},{"taxonomy":"product_cat","embeddable":true,"href":"https:\/\/norsklafteskole.no\/index.php\/wp-json\/wp\/v2\/product_cat?post=16532"},{"taxonomy":"product_tag","embeddable":true,"href":"https:\/\/norsklafteskole.no\/index.php\/wp-json\/wp\/v2\/product_tag?post=16532"}],"curies":[{"name":"wp","href":"https:\/\/api.w.org\/{rel}","templated":true}]}}