{"id":16536,"date":"2015-11-21T15:44:21","date_gmt":"2015-11-21T15:44:21","guid":{"rendered":"http:\/\/new.norsklafteskole.no\/?post_type=product&#038;p=16536&#038;lang=nb"},"modified":"2026-04-24T16:11:49","modified_gmt":"2026-04-24T16:11:49","slug":"dvd-veggstokker-i-laft","status":"publish","type":"product","link":"https:\/\/norsklafteskole.no\/index.php\/produkt\/dvd-veggstokker-i-laft\/","title":{"rendered":"Video: Veggstokker i Laft"},"content":{"rendered":"<p><strong>I denne videoen demonstreres steg for steg norsk nullpunkt lafting med 6 toms kantet t\u00f8mmer<\/strong>. Du setter stokken p\u00e5 veggen og medrar ferdig b\u00e5de knuten og mosefar. Deretter snur du stokken og skj\u00e6rer ut kun en gang. Medragspasseren gj\u00f8r denne nye teknikken mulig. Laftingen g\u00e5r raskere og resultatet er bedre enn med den tradisjonelle 2 trinns metoden. VIKTIG! FILMEN ER HELT NY MED MASSE DETALJER FRA 25 \u00c5RS VIRKE SOM LAFTEL\u00c6RER. <strong>Filmen kan leveres p\u00e5 USB minnepenn.<\/strong><\/p>\n","protected":false},"excerpt":{"rendered":"<p><strong>I denne dvden demonstreres steg for steg norsk nullpunkt lafting med 6 toms kantet t\u00f8mmer.<\/strong> Du setter stokken p\u00e5 veggen og medrar ferdig b\u00e5de knuten og mosefar, deretter snur du stokken og skj\u00e6rer ut kun en gang. Medragspasseren gj\u00f8r denne nye teknikken mulig. Laftingen g\u00e5r raskere og er mer n\u00f8yaktig enn med den gamle metoden.<strong> Filmen kan leveres p\u00e5 USB minnepenn. NB! HELT NY FILM FRA 2023. MASSE NYE DETALJER.\u00a0<\/strong><\/p>\n","protected":false},"featured_media":18146,"comment_status":"open","ping_status":"closed","template":"","meta":[],"product_brand":[],"product_cat":[89],"product_tag":[],"class_list":{"0":"post-16536","1":"product","2":"type-product","3":"status-publish","4":"has-post-thumbnail","6":"product_cat-panorsk","7":"product_shipping_class-dvdshippingdomestic","8":"pa_physical-dvd-dvd","9":"pa_physical-dvd-nedlastbare","11":"first","12":"instock","13":"shipping-taxable","14":"purchasable","15":"product-type-variable","16":"has-default-attributes"},"yoast_head":"<!-- This site is optimized with the Yoast SEO plugin v27.5 - https:\/\/yoast.com\/product\/yoast-seo-wordpress\/ -->\n<title>Video: Veggstokker i Laft - Norsk Lafteskole<\/title>\n<meta name=\"robots\" content=\"index, follow, max-snippet:-1, max-image-preview:large, max-video-preview:-1\" \/>\n<link rel=\"canonical\" href=\"https:\/\/norsklafteskole.no\/index.php\/produkt\/dvd-veggstokker-i-laft\/\" \/>\n<meta property=\"og:locale\" content=\"nb_NO\" \/>\n<meta property=\"og:type\" content=\"article\" \/>\n<meta property=\"og:title\" content=\"Video: Veggstokker i Laft - Norsk Lafteskole\" \/>\n<meta property=\"og:description\" content=\"I denne dvden demonstreres steg for steg norsk nullpunkt lafting med 6 toms kantet t\u00f8mmer. Du setter stokken p\u00e5 veggen og medrar ferdig b\u00e5de knuten og mosefar, deretter snur du stokken og skj\u00e6rer ut kun en gang. Medragspasseren gj\u00f8r denne nye teknikken mulig. Laftingen g\u00e5r raskere og er mer n\u00f8yaktig enn med den gamle metoden. Filmen kan leveres p\u00e5 USB minnepenn. NB! HELT NY FILM FRA 2023. MASSE NYE DETALJER.\u00a0\" \/>\n<meta property=\"og:url\" content=\"https:\/\/norsklafteskole.no\/index.php\/produkt\/dvd-veggstokker-i-laft\/\" \/>\n<meta property=\"og:site_name\" content=\"Norsk Lafteskole\" \/>\n<meta property=\"article:modified_time\" content=\"2026-04-24T16:11:49+00:00\" \/>\n<meta property=\"og:image\" content=\"https:\/\/norsklafteskole.no\/wp-content\/uploads\/2015\/11\/veggstokker-i-laft.jpg\" \/>\n\t<meta property=\"og:image:width\" content=\"200\" \/>\n\t<meta property=\"og:image:height\" content=\"285\" \/>\n\t<meta property=\"og:image:type\" content=\"image\/jpeg\" \/>\n<meta name=\"twitter:card\" content=\"summary_large_image\" \/>\n<meta name=\"twitter:label1\" content=\"Ansl. lesetid\" \/>\n\t<meta name=\"twitter:data1\" content=\"1 minutt\" \/>\n<script type=\"application\/ld+json\" class=\"yoast-schema-graph\">{\"@context\":\"https:\\\/\\\/schema.org\",\"@graph\":[{\"@type\":\"WebPage\",\"@id\":\"https:\\\/\\\/norsklafteskole.no\\\/index.php\\\/produkt\\\/dvd-veggstokker-i-laft\\\/\",\"url\":\"https:\\\/\\\/norsklafteskole.no\\\/index.php\\\/produkt\\\/dvd-veggstokker-i-laft\\\/\",\"name\":\"Video: Veggstokker i Laft - Norsk Lafteskole\",\"isPartOf\":{\"@id\":\"https:\\\/\\\/norsklafteskole.no\\\/#website\"},\"primaryImageOfPage\":{\"@id\":\"https:\\\/\\\/norsklafteskole.no\\\/index.php\\\/produkt\\\/dvd-veggstokker-i-laft\\\/#primaryimage\"},\"image\":{\"@id\":\"https:\\\/\\\/norsklafteskole.no\\\/index.php\\\/produkt\\\/dvd-veggstokker-i-laft\\\/#primaryimage\"},\"thumbnailUrl\":\"https:\\\/\\\/norsklafteskole.no\\\/wp-content\\\/uploads\\\/2015\\\/11\\\/veggstokker-i-laft.jpg\",\"datePublished\":\"2015-11-21T15:44:21+00:00\",\"dateModified\":\"2026-04-24T16:11:49+00:00\",\"breadcrumb\":{\"@id\":\"https:\\\/\\\/norsklafteskole.no\\\/index.php\\\/produkt\\\/dvd-veggstokker-i-laft\\\/#breadcrumb\"},\"inLanguage\":\"nb-NO\",\"potentialAction\":[{\"@type\":\"ReadAction\",\"target\":[\"https:\\\/\\\/norsklafteskole.no\\\/index.php\\\/produkt\\\/dvd-veggstokker-i-laft\\\/\"]}]},{\"@type\":\"ImageObject\",\"inLanguage\":\"nb-NO\",\"@id\":\"https:\\\/\\\/norsklafteskole.no\\\/index.php\\\/produkt\\\/dvd-veggstokker-i-laft\\\/#primaryimage\",\"url\":\"https:\\\/\\\/norsklafteskole.no\\\/wp-content\\\/uploads\\\/2015\\\/11\\\/veggstokker-i-laft.jpg\",\"contentUrl\":\"https:\\\/\\\/norsklafteskole.no\\\/wp-content\\\/uploads\\\/2015\\\/11\\\/veggstokker-i-laft.jpg\",\"width\":200,\"height\":285},{\"@type\":\"BreadcrumbList\",\"@id\":\"https:\\\/\\\/norsklafteskole.no\\\/index.php\\\/produkt\\\/dvd-veggstokker-i-laft\\\/#breadcrumb\",\"itemListElement\":[{\"@type\":\"ListItem\",\"position\":1,\"name\":\"Home\",\"item\":\"https:\\\/\\\/norsklafteskole.no\\\/\"},{\"@type\":\"ListItem\",\"position\":2,\"name\":\"Butikk\",\"item\":\"https:\\\/\\\/norsklafteskole.no\\\/index.php\\\/butikk\\\/\"},{\"@type\":\"ListItem\",\"position\":3,\"name\":\"Video: Veggstokker i Laft\"}]},{\"@type\":\"WebSite\",\"@id\":\"https:\\\/\\\/norsklafteskole.no\\\/#website\",\"url\":\"https:\\\/\\\/norsklafteskole.no\\\/\",\"name\":\"Norsk Lafteskole\",\"description\":\"Learn to build traditional log houses\",\"publisher\":{\"@id\":\"https:\\\/\\\/norsklafteskole.no\\\/#organization\"},\"potentialAction\":[{\"@type\":\"SearchAction\",\"target\":{\"@type\":\"EntryPoint\",\"urlTemplate\":\"https:\\\/\\\/norsklafteskole.no\\\/?s={search_term_string}\"},\"query-input\":{\"@type\":\"PropertyValueSpecification\",\"valueRequired\":true,\"valueName\":\"search_term_string\"}}],\"inLanguage\":\"nb-NO\"},{\"@type\":\"Organization\",\"@id\":\"https:\\\/\\\/norsklafteskole.no\\\/#organization\",\"name\":\"Norsk Lafteskole\",\"url\":\"https:\\\/\\\/norsklafteskole.no\\\/\",\"logo\":{\"@type\":\"ImageObject\",\"inLanguage\":\"nb-NO\",\"@id\":\"https:\\\/\\\/norsklafteskole.no\\\/#\\\/schema\\\/logo\\\/image\\\/\",\"url\":\"https:\\\/\\\/norsklafteskole.no\\\/wp-content\\\/uploads\\\/2014\\\/04\\\/Viklogo.jpg\",\"contentUrl\":\"https:\\\/\\\/norsklafteskole.no\\\/wp-content\\\/uploads\\\/2014\\\/04\\\/Viklogo.jpg\",\"width\":150,\"height\":225,\"caption\":\"Norsk Lafteskole\"},\"image\":{\"@id\":\"https:\\\/\\\/norsklafteskole.no\\\/#\\\/schema\\\/logo\\\/image\\\/\"}}]}<\/script>\n<!-- \/ Yoast SEO plugin. -->","yoast_head_json":{"title":"Video: Veggstokker i Laft - Norsk Lafteskole","robots":{"index":"index","follow":"follow","max-snippet":"max-snippet:-1","max-image-preview":"max-image-preview:large","max-video-preview":"max-video-preview:-1"},"canonical":"https:\/\/norsklafteskole.no\/index.php\/produkt\/dvd-veggstokker-i-laft\/","og_locale":"nb_NO","og_type":"article","og_title":"Video: Veggstokker i Laft - Norsk Lafteskole","og_description":"I denne dvden demonstreres steg for steg norsk nullpunkt lafting med 6 toms kantet t\u00f8mmer. Du setter stokken p\u00e5 veggen og medrar ferdig b\u00e5de knuten og mosefar, deretter snur du stokken og skj\u00e6rer ut kun en gang. Medragspasseren gj\u00f8r denne nye teknikken mulig. Laftingen g\u00e5r raskere og er mer n\u00f8yaktig enn med den gamle metoden. Filmen kan leveres p\u00e5 USB minnepenn. NB! HELT NY FILM FRA 2023. MASSE NYE DETALJER.\u00a0","og_url":"https:\/\/norsklafteskole.no\/index.php\/produkt\/dvd-veggstokker-i-laft\/","og_site_name":"Norsk Lafteskole","article_modified_time":"2026-04-24T16:11:49+00:00","og_image":[{"width":200,"height":285,"url":"https:\/\/norsklafteskole.no\/wp-content\/uploads\/2015\/11\/veggstokker-i-laft.jpg","type":"image\/jpeg"}],"twitter_card":"summary_large_image","twitter_misc":{"Ansl. lesetid":"1 minutt"},"schema":{"@context":"https:\/\/schema.org","@graph":[{"@type":"WebPage","@id":"https:\/\/norsklafteskole.no\/index.php\/produkt\/dvd-veggstokker-i-laft\/","url":"https:\/\/norsklafteskole.no\/index.php\/produkt\/dvd-veggstokker-i-laft\/","name":"Video: Veggstokker i Laft - Norsk Lafteskole","isPartOf":{"@id":"https:\/\/norsklafteskole.no\/#website"},"primaryImageOfPage":{"@id":"https:\/\/norsklafteskole.no\/index.php\/produkt\/dvd-veggstokker-i-laft\/#primaryimage"},"image":{"@id":"https:\/\/norsklafteskole.no\/index.php\/produkt\/dvd-veggstokker-i-laft\/#primaryimage"},"thumbnailUrl":"https:\/\/norsklafteskole.no\/wp-content\/uploads\/2015\/11\/veggstokker-i-laft.jpg","datePublished":"2015-11-21T15:44:21+00:00","dateModified":"2026-04-24T16:11:49+00:00","breadcrumb":{"@id":"https:\/\/norsklafteskole.no\/index.php\/produkt\/dvd-veggstokker-i-laft\/#breadcrumb"},"inLanguage":"nb-NO","potentialAction":[{"@type":"ReadAction","target":["https:\/\/norsklafteskole.no\/index.php\/produkt\/dvd-veggstokker-i-laft\/"]}]},{"@type":"ImageObject","inLanguage":"nb-NO","@id":"https:\/\/norsklafteskole.no\/index.php\/produkt\/dvd-veggstokker-i-laft\/#primaryimage","url":"https:\/\/norsklafteskole.no\/wp-content\/uploads\/2015\/11\/veggstokker-i-laft.jpg","contentUrl":"https:\/\/norsklafteskole.no\/wp-content\/uploads\/2015\/11\/veggstokker-i-laft.jpg","width":200,"height":285},{"@type":"BreadcrumbList","@id":"https:\/\/norsklafteskole.no\/index.php\/produkt\/dvd-veggstokker-i-laft\/#breadcrumb","itemListElement":[{"@type":"ListItem","position":1,"name":"Home","item":"https:\/\/norsklafteskole.no\/"},{"@type":"ListItem","position":2,"name":"Butikk","item":"https:\/\/norsklafteskole.no\/index.php\/butikk\/"},{"@type":"ListItem","position":3,"name":"Video: Veggstokker i Laft"}]},{"@type":"WebSite","@id":"https:\/\/norsklafteskole.no\/#website","url":"https:\/\/norsklafteskole.no\/","name":"Norsk Lafteskole","description":"Learn to build traditional log houses","publisher":{"@id":"https:\/\/norsklafteskole.no\/#organization"},"potentialAction":[{"@type":"SearchAction","target":{"@type":"EntryPoint","urlTemplate":"https:\/\/norsklafteskole.no\/?s={search_term_string}"},"query-input":{"@type":"PropertyValueSpecification","valueRequired":true,"valueName":"search_term_string"}}],"inLanguage":"nb-NO"},{"@type":"Organization","@id":"https:\/\/norsklafteskole.no\/#organization","name":"Norsk Lafteskole","url":"https:\/\/norsklafteskole.no\/","logo":{"@type":"ImageObject","inLanguage":"nb-NO","@id":"https:\/\/norsklafteskole.no\/#\/schema\/logo\/image\/","url":"https:\/\/norsklafteskole.no\/wp-content\/uploads\/2014\/04\/Viklogo.jpg","contentUrl":"https:\/\/norsklafteskole.no\/wp-content\/uploads\/2014\/04\/Viklogo.jpg","width":150,"height":225,"caption":"Norsk Lafteskole"},"image":{"@id":"https:\/\/norsklafteskole.no\/#\/schema\/logo\/image\/"}}]}},"_links":{"self":[{"href":"https:\/\/norsklafteskole.no\/index.php\/wp-json\/wp\/v2\/product\/16536","targetHints":{"allow":["GET"]}}],"collection":[{"href":"https:\/\/norsklafteskole.no\/index.php\/wp-json\/wp\/v2\/product"}],"about":[{"href":"https:\/\/norsklafteskole.no\/index.php\/wp-json\/wp\/v2\/types\/product"}],"replies":[{"embeddable":true,"href":"https:\/\/norsklafteskole.no\/index.php\/wp-json\/wp\/v2\/comments?post=16536"}],"wp:featuredmedia":[{"embeddable":true,"href":"https:\/\/norsklafteskole.no\/index.php\/wp-json\/wp\/v2\/media\/18146"}],"wp:attachment":[{"href":"https:\/\/norsklafteskole.no\/index.php\/wp-json\/wp\/v2\/media?parent=16536"}],"wp:term":[{"taxonomy":"product_brand","embeddable":true,"href":"https:\/\/norsklafteskole.no\/index.php\/wp-json\/wp\/v2\/product_brand?post=16536"},{"taxonomy":"product_cat","embeddable":true,"href":"https:\/\/norsklafteskole.no\/index.php\/wp-json\/wp\/v2\/product_cat?post=16536"},{"taxonomy":"product_tag","embeddable":true,"href":"https:\/\/norsklafteskole.no\/index.php\/wp-json\/wp\/v2\/product_tag?post=16536"}],"curies":[{"name":"wp","href":"https:\/\/api.w.org\/{rel}","templated":true}]}}