{"id":16541,"date":"2015-11-21T15:46:39","date_gmt":"2015-11-21T15:46:39","guid":{"rendered":"http:\/\/new.norsklafteskole.no\/?post_type=product&#038;p=16541&#038;lang=nb"},"modified":"2026-03-04T09:20:40","modified_gmt":"2026-03-04T09:20:40","slug":"gavltrekant-1","status":"publish","type":"product","link":"https:\/\/norsklafteskole.no\/index.php\/produkt\/gavltrekant-1\/","title":{"rendered":"Video: Gavltrekant i Laft med \u00c5ser (2 videoer)"},"content":{"rendered":"<p><strong>Videoene tar for seg lafting av galver med \u00e5ser.<\/strong> Del 1 omhandler bygging av gavler med 6 toms kantet t\u00f8mmer, \u00e5splassering og \u00e5sknuten. Du blir geleidet steg for steg gjennom prosessen. Del 2 viser \u00e5soppretting, sperrutak, innskj\u00e6ring for panel og reinskj\u00e6ring av gavlene. Siste del av videoen er viet laftehoder og beitskier. Begge videoene har meny. Velg \u00e5 se hele videoen eller naviger til en del av spesiell interesse. <strong>Kan leveres p\u00e5 USB minnepenn eller dvd.<\/strong><br \/>\n<b>NB! For dimensjonering av \u00e5ser\u00a0anbefales Byggforskblad 525.824 TAK\u00c5SER AV TRE<\/b><\/p>\n","protected":false},"excerpt":{"rendered":"<p><strong>Dvdene tar for seg laftede galver med \u00e5ser.<\/strong> Del 1 omhandler bygging av gavler med 6 toms kantet t\u00f8mmer, \u00e5splassering og \u00e5sknuten. Du blir geleidet steg for steg gjennom prosessen. Del 2 viser \u00e5soppretting, sperreutak, innskj\u00e6ring for panel og reinskj\u00e6ring av stokkendene. <strong>Filmene kan leveres p\u00e5 USB minnepenn<\/strong>.<\/p>\n","protected":false},"featured_media":18144,"comment_status":"open","ping_status":"closed","template":"","meta":[],"product_brand":[],"product_cat":[89],"product_tag":[],"class_list":{"0":"post-16541","1":"product","2":"type-product","3":"status-publish","4":"has-post-thumbnail","6":"product_cat-panorsk","7":"product_shipping_class-dvdshippingdomestic","8":"pa_physical-dvd-dvd","9":"pa_physical-dvd-nedlastbare","11":"first","12":"instock","13":"shipping-taxable","14":"purchasable","15":"product-type-variable","16":"has-default-attributes"},"yoast_head":"<!-- This site is optimized with the Yoast SEO plugin v27.5 - https:\/\/yoast.com\/product\/yoast-seo-wordpress\/ -->\n<title>Video: Gavltrekant i Laft med \u00c5ser (2 videoer) - Norsk Lafteskole<\/title>\n<meta name=\"robots\" content=\"index, follow, max-snippet:-1, max-image-preview:large, max-video-preview:-1\" \/>\n<link rel=\"canonical\" href=\"https:\/\/norsklafteskole.no\/index.php\/produkt\/gavltrekant-1\/\" \/>\n<meta property=\"og:locale\" content=\"nb_NO\" \/>\n<meta property=\"og:type\" content=\"article\" \/>\n<meta property=\"og:title\" content=\"Video: Gavltrekant i Laft med \u00c5ser (2 videoer) - Norsk Lafteskole\" \/>\n<meta property=\"og:description\" content=\"Dvdene tar for seg laftede galver med \u00e5ser. Del 1 omhandler bygging av gavler med 6 toms kantet t\u00f8mmer, \u00e5splassering og \u00e5sknuten. Du blir geleidet steg for steg gjennom prosessen. Del 2 viser \u00e5soppretting, sperreutak, innskj\u00e6ring for panel og reinskj\u00e6ring av stokkendene. Filmene kan leveres p\u00e5 USB minnepenn.\" \/>\n<meta property=\"og:url\" content=\"https:\/\/norsklafteskole.no\/index.php\/produkt\/gavltrekant-1\/\" \/>\n<meta property=\"og:site_name\" content=\"Norsk Lafteskole\" \/>\n<meta property=\"article:modified_time\" content=\"2026-03-04T09:20:40+00:00\" \/>\n<meta property=\"og:image\" content=\"https:\/\/norsklafteskole.no\/wp-content\/uploads\/2015\/11\/gavltrekant-i-laft-med-aaser.jpg\" \/>\n\t<meta property=\"og:image:width\" content=\"200\" \/>\n\t<meta property=\"og:image:height\" content=\"285\" \/>\n\t<meta property=\"og:image:type\" content=\"image\/jpeg\" \/>\n<meta name=\"twitter:card\" content=\"summary_large_image\" \/>\n<meta name=\"twitter:label1\" content=\"Ansl. lesetid\" \/>\n\t<meta name=\"twitter:data1\" content=\"1 minutt\" \/>\n<script type=\"application\/ld+json\" class=\"yoast-schema-graph\">{\"@context\":\"https:\\\/\\\/schema.org\",\"@graph\":[{\"@type\":\"WebPage\",\"@id\":\"https:\\\/\\\/norsklafteskole.no\\\/index.php\\\/produkt\\\/gavltrekant-1\\\/\",\"url\":\"https:\\\/\\\/norsklafteskole.no\\\/index.php\\\/produkt\\\/gavltrekant-1\\\/\",\"name\":\"Video: Gavltrekant i Laft med \u00c5ser (2 videoer) - Norsk Lafteskole\",\"isPartOf\":{\"@id\":\"https:\\\/\\\/norsklafteskole.no\\\/#website\"},\"primaryImageOfPage\":{\"@id\":\"https:\\\/\\\/norsklafteskole.no\\\/index.php\\\/produkt\\\/gavltrekant-1\\\/#primaryimage\"},\"image\":{\"@id\":\"https:\\\/\\\/norsklafteskole.no\\\/index.php\\\/produkt\\\/gavltrekant-1\\\/#primaryimage\"},\"thumbnailUrl\":\"https:\\\/\\\/norsklafteskole.no\\\/wp-content\\\/uploads\\\/2015\\\/11\\\/gavltrekant-i-laft-med-aaser.jpg\",\"datePublished\":\"2015-11-21T15:46:39+00:00\",\"dateModified\":\"2026-03-04T09:20:40+00:00\",\"breadcrumb\":{\"@id\":\"https:\\\/\\\/norsklafteskole.no\\\/index.php\\\/produkt\\\/gavltrekant-1\\\/#breadcrumb\"},\"inLanguage\":\"nb-NO\",\"potentialAction\":[{\"@type\":\"ReadAction\",\"target\":[\"https:\\\/\\\/norsklafteskole.no\\\/index.php\\\/produkt\\\/gavltrekant-1\\\/\"]}]},{\"@type\":\"ImageObject\",\"inLanguage\":\"nb-NO\",\"@id\":\"https:\\\/\\\/norsklafteskole.no\\\/index.php\\\/produkt\\\/gavltrekant-1\\\/#primaryimage\",\"url\":\"https:\\\/\\\/norsklafteskole.no\\\/wp-content\\\/uploads\\\/2015\\\/11\\\/gavltrekant-i-laft-med-aaser.jpg\",\"contentUrl\":\"https:\\\/\\\/norsklafteskole.no\\\/wp-content\\\/uploads\\\/2015\\\/11\\\/gavltrekant-i-laft-med-aaser.jpg\",\"width\":200,\"height\":285},{\"@type\":\"BreadcrumbList\",\"@id\":\"https:\\\/\\\/norsklafteskole.no\\\/index.php\\\/produkt\\\/gavltrekant-1\\\/#breadcrumb\",\"itemListElement\":[{\"@type\":\"ListItem\",\"position\":1,\"name\":\"Home\",\"item\":\"https:\\\/\\\/norsklafteskole.no\\\/\"},{\"@type\":\"ListItem\",\"position\":2,\"name\":\"Butikk\",\"item\":\"https:\\\/\\\/norsklafteskole.no\\\/index.php\\\/butikk\\\/\"},{\"@type\":\"ListItem\",\"position\":3,\"name\":\"Video: Gavltrekant i Laft med \u00c5ser (2 videoer)\"}]},{\"@type\":\"WebSite\",\"@id\":\"https:\\\/\\\/norsklafteskole.no\\\/#website\",\"url\":\"https:\\\/\\\/norsklafteskole.no\\\/\",\"name\":\"Norsk Lafteskole\",\"description\":\"Learn to build traditional log houses\",\"publisher\":{\"@id\":\"https:\\\/\\\/norsklafteskole.no\\\/#organization\"},\"potentialAction\":[{\"@type\":\"SearchAction\",\"target\":{\"@type\":\"EntryPoint\",\"urlTemplate\":\"https:\\\/\\\/norsklafteskole.no\\\/?s={search_term_string}\"},\"query-input\":{\"@type\":\"PropertyValueSpecification\",\"valueRequired\":true,\"valueName\":\"search_term_string\"}}],\"inLanguage\":\"nb-NO\"},{\"@type\":\"Organization\",\"@id\":\"https:\\\/\\\/norsklafteskole.no\\\/#organization\",\"name\":\"Norsk Lafteskole\",\"url\":\"https:\\\/\\\/norsklafteskole.no\\\/\",\"logo\":{\"@type\":\"ImageObject\",\"inLanguage\":\"nb-NO\",\"@id\":\"https:\\\/\\\/norsklafteskole.no\\\/#\\\/schema\\\/logo\\\/image\\\/\",\"url\":\"https:\\\/\\\/norsklafteskole.no\\\/wp-content\\\/uploads\\\/2014\\\/04\\\/Viklogo.jpg\",\"contentUrl\":\"https:\\\/\\\/norsklafteskole.no\\\/wp-content\\\/uploads\\\/2014\\\/04\\\/Viklogo.jpg\",\"width\":150,\"height\":225,\"caption\":\"Norsk Lafteskole\"},\"image\":{\"@id\":\"https:\\\/\\\/norsklafteskole.no\\\/#\\\/schema\\\/logo\\\/image\\\/\"}}]}<\/script>\n<!-- \/ Yoast SEO plugin. -->","yoast_head_json":{"title":"Video: Gavltrekant i Laft med \u00c5ser (2 videoer) - Norsk Lafteskole","robots":{"index":"index","follow":"follow","max-snippet":"max-snippet:-1","max-image-preview":"max-image-preview:large","max-video-preview":"max-video-preview:-1"},"canonical":"https:\/\/norsklafteskole.no\/index.php\/produkt\/gavltrekant-1\/","og_locale":"nb_NO","og_type":"article","og_title":"Video: Gavltrekant i Laft med \u00c5ser (2 videoer) - Norsk Lafteskole","og_description":"Dvdene tar for seg laftede galver med \u00e5ser. Del 1 omhandler bygging av gavler med 6 toms kantet t\u00f8mmer, \u00e5splassering og \u00e5sknuten. Du blir geleidet steg for steg gjennom prosessen. Del 2 viser \u00e5soppretting, sperreutak, innskj\u00e6ring for panel og reinskj\u00e6ring av stokkendene. Filmene kan leveres p\u00e5 USB minnepenn.","og_url":"https:\/\/norsklafteskole.no\/index.php\/produkt\/gavltrekant-1\/","og_site_name":"Norsk Lafteskole","article_modified_time":"2026-03-04T09:20:40+00:00","og_image":[{"width":200,"height":285,"url":"https:\/\/norsklafteskole.no\/wp-content\/uploads\/2015\/11\/gavltrekant-i-laft-med-aaser.jpg","type":"image\/jpeg"}],"twitter_card":"summary_large_image","twitter_misc":{"Ansl. lesetid":"1 minutt"},"schema":{"@context":"https:\/\/schema.org","@graph":[{"@type":"WebPage","@id":"https:\/\/norsklafteskole.no\/index.php\/produkt\/gavltrekant-1\/","url":"https:\/\/norsklafteskole.no\/index.php\/produkt\/gavltrekant-1\/","name":"Video: Gavltrekant i Laft med \u00c5ser (2 videoer) - Norsk Lafteskole","isPartOf":{"@id":"https:\/\/norsklafteskole.no\/#website"},"primaryImageOfPage":{"@id":"https:\/\/norsklafteskole.no\/index.php\/produkt\/gavltrekant-1\/#primaryimage"},"image":{"@id":"https:\/\/norsklafteskole.no\/index.php\/produkt\/gavltrekant-1\/#primaryimage"},"thumbnailUrl":"https:\/\/norsklafteskole.no\/wp-content\/uploads\/2015\/11\/gavltrekant-i-laft-med-aaser.jpg","datePublished":"2015-11-21T15:46:39+00:00","dateModified":"2026-03-04T09:20:40+00:00","breadcrumb":{"@id":"https:\/\/norsklafteskole.no\/index.php\/produkt\/gavltrekant-1\/#breadcrumb"},"inLanguage":"nb-NO","potentialAction":[{"@type":"ReadAction","target":["https:\/\/norsklafteskole.no\/index.php\/produkt\/gavltrekant-1\/"]}]},{"@type":"ImageObject","inLanguage":"nb-NO","@id":"https:\/\/norsklafteskole.no\/index.php\/produkt\/gavltrekant-1\/#primaryimage","url":"https:\/\/norsklafteskole.no\/wp-content\/uploads\/2015\/11\/gavltrekant-i-laft-med-aaser.jpg","contentUrl":"https:\/\/norsklafteskole.no\/wp-content\/uploads\/2015\/11\/gavltrekant-i-laft-med-aaser.jpg","width":200,"height":285},{"@type":"BreadcrumbList","@id":"https:\/\/norsklafteskole.no\/index.php\/produkt\/gavltrekant-1\/#breadcrumb","itemListElement":[{"@type":"ListItem","position":1,"name":"Home","item":"https:\/\/norsklafteskole.no\/"},{"@type":"ListItem","position":2,"name":"Butikk","item":"https:\/\/norsklafteskole.no\/index.php\/butikk\/"},{"@type":"ListItem","position":3,"name":"Video: Gavltrekant i Laft med \u00c5ser (2 videoer)"}]},{"@type":"WebSite","@id":"https:\/\/norsklafteskole.no\/#website","url":"https:\/\/norsklafteskole.no\/","name":"Norsk Lafteskole","description":"Learn to build traditional log houses","publisher":{"@id":"https:\/\/norsklafteskole.no\/#organization"},"potentialAction":[{"@type":"SearchAction","target":{"@type":"EntryPoint","urlTemplate":"https:\/\/norsklafteskole.no\/?s={search_term_string}"},"query-input":{"@type":"PropertyValueSpecification","valueRequired":true,"valueName":"search_term_string"}}],"inLanguage":"nb-NO"},{"@type":"Organization","@id":"https:\/\/norsklafteskole.no\/#organization","name":"Norsk Lafteskole","url":"https:\/\/norsklafteskole.no\/","logo":{"@type":"ImageObject","inLanguage":"nb-NO","@id":"https:\/\/norsklafteskole.no\/#\/schema\/logo\/image\/","url":"https:\/\/norsklafteskole.no\/wp-content\/uploads\/2014\/04\/Viklogo.jpg","contentUrl":"https:\/\/norsklafteskole.no\/wp-content\/uploads\/2014\/04\/Viklogo.jpg","width":150,"height":225,"caption":"Norsk Lafteskole"},"image":{"@id":"https:\/\/norsklafteskole.no\/#\/schema\/logo\/image\/"}}]}},"_links":{"self":[{"href":"https:\/\/norsklafteskole.no\/index.php\/wp-json\/wp\/v2\/product\/16541","targetHints":{"allow":["GET"]}}],"collection":[{"href":"https:\/\/norsklafteskole.no\/index.php\/wp-json\/wp\/v2\/product"}],"about":[{"href":"https:\/\/norsklafteskole.no\/index.php\/wp-json\/wp\/v2\/types\/product"}],"replies":[{"embeddable":true,"href":"https:\/\/norsklafteskole.no\/index.php\/wp-json\/wp\/v2\/comments?post=16541"}],"wp:featuredmedia":[{"embeddable":true,"href":"https:\/\/norsklafteskole.no\/index.php\/wp-json\/wp\/v2\/media\/18144"}],"wp:attachment":[{"href":"https:\/\/norsklafteskole.no\/index.php\/wp-json\/wp\/v2\/media?parent=16541"}],"wp:term":[{"taxonomy":"product_brand","embeddable":true,"href":"https:\/\/norsklafteskole.no\/index.php\/wp-json\/wp\/v2\/product_brand?post=16541"},{"taxonomy":"product_cat","embeddable":true,"href":"https:\/\/norsklafteskole.no\/index.php\/wp-json\/wp\/v2\/product_cat?post=16541"},{"taxonomy":"product_tag","embeddable":true,"href":"https:\/\/norsklafteskole.no\/index.php\/wp-json\/wp\/v2\/product_tag?post=16541"}],"curies":[{"name":"wp","href":"https:\/\/api.w.org\/{rel}","templated":true}]}}