{"id":16546,"date":"2015-11-21T15:49:03","date_gmt":"2015-11-21T15:49:03","guid":{"rendered":"http:\/\/new.norsklafteskole.no\/?post_type=product&#038;p=16546&#038;lang=nb"},"modified":"2026-04-12T19:12:31","modified_gmt":"2026-04-12T19:12:31","slug":"bunnstokker-2","status":"publish","type":"product","link":"https:\/\/norsklafteskole.no\/index.php\/produkt\/bunnstokker-2\/","title":{"rendered":"VIDEO: BUNNSTOKKER MED RUNDT\u00d8MMER"},"content":{"rendered":"<p><strong>Videoen omhandler lafting av bunnstokker med rundt\u00f8mmer.<\/strong> Den har tre deler, bygging av bordfundament, klargj\u00f8ring av stokkene og lafting av hj\u00f8rneknuten. <b>Interaktiv meny. <\/b>Du kan velge \u00e5 se hele videoen eller klikke deg frem til en del av spesiell interesse. Videoen er p\u00e5 40 min. Detaljerte filmklipp med tilh\u00f8rende kommentarer geleider deg hele tiden gjennom prossesen fra start til slutt. <strong>Kan leveres p\u00e5 USB minnepenn eller dvd.<\/strong><\/p>\n","protected":false},"excerpt":{"rendered":"<p><strong>Dvden\u00a0omhandler lafting av bunnstokker med rundt\u00f8mmer.\u00a0<\/strong>Den har tre deler, bygging av et bordfundament, klargj\u00f8ring av stokkene og lafting av hj\u00f8rneknuten.\u00a0<b> Interaktiv meny. <\/b>Du kan velge \u00e5 se hele dvden eller klikke deg frem til en del av spesielle interesse. Filmen kan leveres p\u00e5 USB minnepenn.<\/p>\n","protected":false},"featured_media":18131,"comment_status":"open","ping_status":"closed","template":"","meta":[],"product_brand":[],"product_cat":[89],"product_tag":[],"class_list":{"0":"post-16546","1":"product","2":"type-product","3":"status-publish","4":"has-post-thumbnail","6":"product_cat-panorsk","7":"product_shipping_class-dvdshippingdomestic","8":"pa_physical-dvd-dvd","9":"pa_physical-dvd-nedlastbare","11":"first","12":"instock","13":"shipping-taxable","14":"purchasable","15":"product-type-variable","16":"has-default-attributes"},"yoast_head":"<!-- This site is optimized with the Yoast SEO plugin v27.5 - https:\/\/yoast.com\/product\/yoast-seo-wordpress\/ -->\n<title>VIDEO: BUNNSTOKKER MED RUNDT\u00d8MMER - Norsk Lafteskole<\/title>\n<meta name=\"robots\" content=\"index, follow, max-snippet:-1, max-image-preview:large, max-video-preview:-1\" \/>\n<link rel=\"canonical\" href=\"https:\/\/norsklafteskole.no\/index.php\/produkt\/bunnstokker-2\/\" \/>\n<meta property=\"og:locale\" content=\"nb_NO\" \/>\n<meta property=\"og:type\" content=\"article\" \/>\n<meta property=\"og:title\" content=\"VIDEO: BUNNSTOKKER MED RUNDT\u00d8MMER - Norsk Lafteskole\" \/>\n<meta property=\"og:description\" content=\"Dvden\u00a0omhandler lafting av bunnstokker med rundt\u00f8mmer.\u00a0Den har tre deler, bygging av et bordfundament, klargj\u00f8ring av stokkene og lafting av hj\u00f8rneknuten.\u00a0 Interaktiv meny. Du kan velge \u00e5 se hele dvden eller klikke deg frem til en del av spesielle interesse. Filmen kan leveres p\u00e5 USB minnepenn.\" \/>\n<meta property=\"og:url\" content=\"https:\/\/norsklafteskole.no\/index.php\/produkt\/bunnstokker-2\/\" \/>\n<meta property=\"og:site_name\" content=\"Norsk Lafteskole\" \/>\n<meta property=\"article:modified_time\" content=\"2026-04-12T19:12:31+00:00\" \/>\n<meta property=\"og:image\" content=\"https:\/\/norsklafteskole.no\/wp-content\/uploads\/2015\/11\/round-bottom-plate-cover-norsk.jpg\" \/>\n\t<meta property=\"og:image:width\" content=\"200\" \/>\n\t<meta property=\"og:image:height\" content=\"277\" \/>\n\t<meta property=\"og:image:type\" content=\"image\/jpeg\" \/>\n<meta name=\"twitter:card\" content=\"summary_large_image\" \/>\n<meta name=\"twitter:label1\" content=\"Ansl. lesetid\" \/>\n\t<meta name=\"twitter:data1\" content=\"1 minutt\" \/>\n<script type=\"application\/ld+json\" class=\"yoast-schema-graph\">{\"@context\":\"https:\\\/\\\/schema.org\",\"@graph\":[{\"@type\":\"WebPage\",\"@id\":\"https:\\\/\\\/norsklafteskole.no\\\/index.php\\\/produkt\\\/bunnstokker-2\\\/\",\"url\":\"https:\\\/\\\/norsklafteskole.no\\\/index.php\\\/produkt\\\/bunnstokker-2\\\/\",\"name\":\"VIDEO: BUNNSTOKKER MED RUNDT\u00d8MMER - Norsk Lafteskole\",\"isPartOf\":{\"@id\":\"https:\\\/\\\/norsklafteskole.no\\\/#website\"},\"primaryImageOfPage\":{\"@id\":\"https:\\\/\\\/norsklafteskole.no\\\/index.php\\\/produkt\\\/bunnstokker-2\\\/#primaryimage\"},\"image\":{\"@id\":\"https:\\\/\\\/norsklafteskole.no\\\/index.php\\\/produkt\\\/bunnstokker-2\\\/#primaryimage\"},\"thumbnailUrl\":\"https:\\\/\\\/norsklafteskole.no\\\/wp-content\\\/uploads\\\/2015\\\/11\\\/round-bottom-plate-cover-norsk.jpg\",\"datePublished\":\"2015-11-21T15:49:03+00:00\",\"dateModified\":\"2026-04-12T19:12:31+00:00\",\"breadcrumb\":{\"@id\":\"https:\\\/\\\/norsklafteskole.no\\\/index.php\\\/produkt\\\/bunnstokker-2\\\/#breadcrumb\"},\"inLanguage\":\"nb-NO\",\"potentialAction\":[{\"@type\":\"ReadAction\",\"target\":[\"https:\\\/\\\/norsklafteskole.no\\\/index.php\\\/produkt\\\/bunnstokker-2\\\/\"]}]},{\"@type\":\"ImageObject\",\"inLanguage\":\"nb-NO\",\"@id\":\"https:\\\/\\\/norsklafteskole.no\\\/index.php\\\/produkt\\\/bunnstokker-2\\\/#primaryimage\",\"url\":\"https:\\\/\\\/norsklafteskole.no\\\/wp-content\\\/uploads\\\/2015\\\/11\\\/round-bottom-plate-cover-norsk.jpg\",\"contentUrl\":\"https:\\\/\\\/norsklafteskole.no\\\/wp-content\\\/uploads\\\/2015\\\/11\\\/round-bottom-plate-cover-norsk.jpg\",\"width\":200,\"height\":277},{\"@type\":\"BreadcrumbList\",\"@id\":\"https:\\\/\\\/norsklafteskole.no\\\/index.php\\\/produkt\\\/bunnstokker-2\\\/#breadcrumb\",\"itemListElement\":[{\"@type\":\"ListItem\",\"position\":1,\"name\":\"Home\",\"item\":\"https:\\\/\\\/norsklafteskole.no\\\/\"},{\"@type\":\"ListItem\",\"position\":2,\"name\":\"Butikk\",\"item\":\"https:\\\/\\\/norsklafteskole.no\\\/index.php\\\/butikk\\\/\"},{\"@type\":\"ListItem\",\"position\":3,\"name\":\"VIDEO: BUNNSTOKKER MED RUNDT\u00d8MMER\"}]},{\"@type\":\"WebSite\",\"@id\":\"https:\\\/\\\/norsklafteskole.no\\\/#website\",\"url\":\"https:\\\/\\\/norsklafteskole.no\\\/\",\"name\":\"Norsk Lafteskole\",\"description\":\"Learn to build traditional log houses\",\"publisher\":{\"@id\":\"https:\\\/\\\/norsklafteskole.no\\\/#organization\"},\"potentialAction\":[{\"@type\":\"SearchAction\",\"target\":{\"@type\":\"EntryPoint\",\"urlTemplate\":\"https:\\\/\\\/norsklafteskole.no\\\/?s={search_term_string}\"},\"query-input\":{\"@type\":\"PropertyValueSpecification\",\"valueRequired\":true,\"valueName\":\"search_term_string\"}}],\"inLanguage\":\"nb-NO\"},{\"@type\":\"Organization\",\"@id\":\"https:\\\/\\\/norsklafteskole.no\\\/#organization\",\"name\":\"Norsk Lafteskole\",\"url\":\"https:\\\/\\\/norsklafteskole.no\\\/\",\"logo\":{\"@type\":\"ImageObject\",\"inLanguage\":\"nb-NO\",\"@id\":\"https:\\\/\\\/norsklafteskole.no\\\/#\\\/schema\\\/logo\\\/image\\\/\",\"url\":\"https:\\\/\\\/norsklafteskole.no\\\/wp-content\\\/uploads\\\/2014\\\/04\\\/Viklogo.jpg\",\"contentUrl\":\"https:\\\/\\\/norsklafteskole.no\\\/wp-content\\\/uploads\\\/2014\\\/04\\\/Viklogo.jpg\",\"width\":150,\"height\":225,\"caption\":\"Norsk Lafteskole\"},\"image\":{\"@id\":\"https:\\\/\\\/norsklafteskole.no\\\/#\\\/schema\\\/logo\\\/image\\\/\"}}]}<\/script>\n<!-- \/ Yoast SEO plugin. -->","yoast_head_json":{"title":"VIDEO: BUNNSTOKKER MED RUNDT\u00d8MMER - Norsk Lafteskole","robots":{"index":"index","follow":"follow","max-snippet":"max-snippet:-1","max-image-preview":"max-image-preview:large","max-video-preview":"max-video-preview:-1"},"canonical":"https:\/\/norsklafteskole.no\/index.php\/produkt\/bunnstokker-2\/","og_locale":"nb_NO","og_type":"article","og_title":"VIDEO: BUNNSTOKKER MED RUNDT\u00d8MMER - Norsk Lafteskole","og_description":"Dvden\u00a0omhandler lafting av bunnstokker med rundt\u00f8mmer.\u00a0Den har tre deler, bygging av et bordfundament, klargj\u00f8ring av stokkene og lafting av hj\u00f8rneknuten.\u00a0 Interaktiv meny. Du kan velge \u00e5 se hele dvden eller klikke deg frem til en del av spesielle interesse. Filmen kan leveres p\u00e5 USB minnepenn.","og_url":"https:\/\/norsklafteskole.no\/index.php\/produkt\/bunnstokker-2\/","og_site_name":"Norsk Lafteskole","article_modified_time":"2026-04-12T19:12:31+00:00","og_image":[{"width":200,"height":277,"url":"https:\/\/norsklafteskole.no\/wp-content\/uploads\/2015\/11\/round-bottom-plate-cover-norsk.jpg","type":"image\/jpeg"}],"twitter_card":"summary_large_image","twitter_misc":{"Ansl. lesetid":"1 minutt"},"schema":{"@context":"https:\/\/schema.org","@graph":[{"@type":"WebPage","@id":"https:\/\/norsklafteskole.no\/index.php\/produkt\/bunnstokker-2\/","url":"https:\/\/norsklafteskole.no\/index.php\/produkt\/bunnstokker-2\/","name":"VIDEO: BUNNSTOKKER MED RUNDT\u00d8MMER - Norsk Lafteskole","isPartOf":{"@id":"https:\/\/norsklafteskole.no\/#website"},"primaryImageOfPage":{"@id":"https:\/\/norsklafteskole.no\/index.php\/produkt\/bunnstokker-2\/#primaryimage"},"image":{"@id":"https:\/\/norsklafteskole.no\/index.php\/produkt\/bunnstokker-2\/#primaryimage"},"thumbnailUrl":"https:\/\/norsklafteskole.no\/wp-content\/uploads\/2015\/11\/round-bottom-plate-cover-norsk.jpg","datePublished":"2015-11-21T15:49:03+00:00","dateModified":"2026-04-12T19:12:31+00:00","breadcrumb":{"@id":"https:\/\/norsklafteskole.no\/index.php\/produkt\/bunnstokker-2\/#breadcrumb"},"inLanguage":"nb-NO","potentialAction":[{"@type":"ReadAction","target":["https:\/\/norsklafteskole.no\/index.php\/produkt\/bunnstokker-2\/"]}]},{"@type":"ImageObject","inLanguage":"nb-NO","@id":"https:\/\/norsklafteskole.no\/index.php\/produkt\/bunnstokker-2\/#primaryimage","url":"https:\/\/norsklafteskole.no\/wp-content\/uploads\/2015\/11\/round-bottom-plate-cover-norsk.jpg","contentUrl":"https:\/\/norsklafteskole.no\/wp-content\/uploads\/2015\/11\/round-bottom-plate-cover-norsk.jpg","width":200,"height":277},{"@type":"BreadcrumbList","@id":"https:\/\/norsklafteskole.no\/index.php\/produkt\/bunnstokker-2\/#breadcrumb","itemListElement":[{"@type":"ListItem","position":1,"name":"Home","item":"https:\/\/norsklafteskole.no\/"},{"@type":"ListItem","position":2,"name":"Butikk","item":"https:\/\/norsklafteskole.no\/index.php\/butikk\/"},{"@type":"ListItem","position":3,"name":"VIDEO: BUNNSTOKKER MED RUNDT\u00d8MMER"}]},{"@type":"WebSite","@id":"https:\/\/norsklafteskole.no\/#website","url":"https:\/\/norsklafteskole.no\/","name":"Norsk Lafteskole","description":"Learn to build traditional log houses","publisher":{"@id":"https:\/\/norsklafteskole.no\/#organization"},"potentialAction":[{"@type":"SearchAction","target":{"@type":"EntryPoint","urlTemplate":"https:\/\/norsklafteskole.no\/?s={search_term_string}"},"query-input":{"@type":"PropertyValueSpecification","valueRequired":true,"valueName":"search_term_string"}}],"inLanguage":"nb-NO"},{"@type":"Organization","@id":"https:\/\/norsklafteskole.no\/#organization","name":"Norsk Lafteskole","url":"https:\/\/norsklafteskole.no\/","logo":{"@type":"ImageObject","inLanguage":"nb-NO","@id":"https:\/\/norsklafteskole.no\/#\/schema\/logo\/image\/","url":"https:\/\/norsklafteskole.no\/wp-content\/uploads\/2014\/04\/Viklogo.jpg","contentUrl":"https:\/\/norsklafteskole.no\/wp-content\/uploads\/2014\/04\/Viklogo.jpg","width":150,"height":225,"caption":"Norsk Lafteskole"},"image":{"@id":"https:\/\/norsklafteskole.no\/#\/schema\/logo\/image\/"}}]}},"_links":{"self":[{"href":"https:\/\/norsklafteskole.no\/index.php\/wp-json\/wp\/v2\/product\/16546","targetHints":{"allow":["GET"]}}],"collection":[{"href":"https:\/\/norsklafteskole.no\/index.php\/wp-json\/wp\/v2\/product"}],"about":[{"href":"https:\/\/norsklafteskole.no\/index.php\/wp-json\/wp\/v2\/types\/product"}],"replies":[{"embeddable":true,"href":"https:\/\/norsklafteskole.no\/index.php\/wp-json\/wp\/v2\/comments?post=16546"}],"wp:featuredmedia":[{"embeddable":true,"href":"https:\/\/norsklafteskole.no\/index.php\/wp-json\/wp\/v2\/media\/18131"}],"wp:attachment":[{"href":"https:\/\/norsklafteskole.no\/index.php\/wp-json\/wp\/v2\/media?parent=16546"}],"wp:term":[{"taxonomy":"product_brand","embeddable":true,"href":"https:\/\/norsklafteskole.no\/index.php\/wp-json\/wp\/v2\/product_brand?post=16546"},{"taxonomy":"product_cat","embeddable":true,"href":"https:\/\/norsklafteskole.no\/index.php\/wp-json\/wp\/v2\/product_cat?post=16546"},{"taxonomy":"product_tag","embeddable":true,"href":"https:\/\/norsklafteskole.no\/index.php\/wp-json\/wp\/v2\/product_tag?post=16546"}],"curies":[{"name":"wp","href":"https:\/\/api.w.org\/{rel}","templated":true}]}}