{"id":19870,"date":"2021-01-08T14:29:14","date_gmt":"2021-01-08T14:29:14","guid":{"rendered":"https:\/\/norsklafteskole.no\/?post_type=product&#038;p=19870"},"modified":"2024-04-28T07:12:39","modified_gmt":"2024-04-28T07:12:39","slug":"pignons-et-pannes-avec-du-bois-rond","status":"publish","type":"product","link":"https:\/\/norsklafteskole.no\/index.php\/produkt\/pignons-et-pannes-avec-du-bois-rond\/?lang=en","title":{"rendered":"Video: Pignons Et Pannes Avec Du Bois Rond"},"content":{"rendered":"<p><strong>Cette video indique comment construire une structure pignon avec pannes en bois rond.<\/strong> Un ensemble de techniques \u00e9prouv\u00e9es et de m\u00e9thodes utilis\u00e9es depuis 25 ans de formation en fuste traditionnelle vous est pr\u00e9sent\u00e9 ici. Apr\u00e8s le tra\u00e7age, le dernier rang des 4 rondins sup\u00e9rieurs de cet abri qui mesure 3m x 4m est d\u00e9pos\u00e9 et d\u00e9plac\u00e9 sous abri. C&#8217;est l\u00e0 que pannes et pignons seront taill\u00e9s, ajust\u00e9s et finalis\u00e9s avant d&#8217;\u00eatre remont\u00e9s sur les 4 murs.Ce dvd est le dernier d&#8217;une s\u00e9rie de trois au sujet de la construction en bois rond. <strong><span lang=\"fr\">Disponible maintenant sur une cl\u00e9 USB<\/span><\/strong><\/p>\n<p>&nbsp;<\/p>\n","protected":false},"excerpt":{"rendered":"<p><strong>Cette video<\/strong><strong>\u00a0indique comment construire une structure pignon avec pannes en bois rond.<\/strong> Un ensemble de techniques \u00e9prouv\u00e9es et de m\u00e9thodes utilis\u00e9es depuis 25 ans de formation en fuste traditionnelle vous est pr\u00e9sent\u00e9 ici. <strong><span lang=\"fr\">Disponible maintenant sur une cl\u00e9 USB<\/span><\/strong><\/p>\n","protected":false},"featured_media":19871,"comment_status":"open","ping_status":"closed","template":"","meta":[],"product_brand":[],"product_cat":[68],"product_tag":[],"class_list":{"0":"post-19870","1":"product","2":"type-product","3":"status-publish","4":"has-post-thumbnail","6":"product_cat-frenchcourses","7":"product_shipping_class-dvdshippingdomestic","8":"pa_physical-dvd-physical","9":"pa_physical-dvd-virtual","11":"first","12":"instock","13":"shipping-taxable","14":"purchasable","15":"product-type-variable"},"yoast_head":"<!-- This site is optimized with the Yoast SEO plugin v27.5 - https:\/\/yoast.com\/product\/yoast-seo-wordpress\/ -->\n<title>Video: Pignons Et Pannes Avec Du Bois Rond - Norsk Lafteskole<\/title>\n<meta name=\"robots\" content=\"index, follow, max-snippet:-1, max-image-preview:large, max-video-preview:-1\" \/>\n<link rel=\"canonical\" href=\"https:\/\/norsklafteskole.no\/index.php\/produkt\/pignons-et-pannes-avec-du-bois-rond\/?lang=en\" \/>\n<meta property=\"og:locale\" content=\"nb_NO\" \/>\n<meta property=\"og:type\" content=\"article\" \/>\n<meta property=\"og:title\" content=\"Video: Pignons Et Pannes Avec Du Bois Rond - Norsk Lafteskole\" \/>\n<meta property=\"og:description\" content=\"Cette video\u00a0indique comment construire une structure pignon avec pannes en bois rond. Un ensemble de techniques \u00e9prouv\u00e9es et de m\u00e9thodes utilis\u00e9es depuis 25 ans de formation en fuste traditionnelle vous est pr\u00e9sent\u00e9 ici. Disponible maintenant sur une cl\u00e9 USB\" \/>\n<meta property=\"og:url\" content=\"https:\/\/norsklafteskole.no\/index.php\/produkt\/pignons-et-pannes-avec-du-bois-rond\/?lang=en\" \/>\n<meta property=\"og:site_name\" content=\"Norsk Lafteskole\" \/>\n<meta property=\"article:modified_time\" content=\"2024-04-28T07:12:39+00:00\" \/>\n<meta property=\"og:image\" content=\"https:\/\/norsklafteskole.no\/wp-content\/uploads\/2021\/01\/pignons-et-pannes-avec-du-bois-rond-e1610117110122.jpg\" \/>\n\t<meta property=\"og:image:width\" content=\"150\" \/>\n\t<meta property=\"og:image:height\" content=\"214\" \/>\n\t<meta property=\"og:image:type\" content=\"image\/jpeg\" \/>\n<meta name=\"twitter:card\" content=\"summary_large_image\" \/>\n<meta name=\"twitter:label1\" content=\"Ansl. lesetid\" \/>\n\t<meta name=\"twitter:data1\" content=\"1 minutt\" \/>\n<script type=\"application\/ld+json\" class=\"yoast-schema-graph\">{\"@context\":\"https:\\\/\\\/schema.org\",\"@graph\":[{\"@type\":\"WebPage\",\"@id\":\"https:\\\/\\\/norsklafteskole.no\\\/index.php\\\/produkt\\\/pignons-et-pannes-avec-du-bois-rond\\\/?lang=en\",\"url\":\"https:\\\/\\\/norsklafteskole.no\\\/index.php\\\/produkt\\\/pignons-et-pannes-avec-du-bois-rond\\\/?lang=en\",\"name\":\"Video: Pignons Et Pannes Avec Du Bois Rond - Norsk Lafteskole\",\"isPartOf\":{\"@id\":\"https:\\\/\\\/norsklafteskole.no\\\/#website\"},\"primaryImageOfPage\":{\"@id\":\"https:\\\/\\\/norsklafteskole.no\\\/index.php\\\/produkt\\\/pignons-et-pannes-avec-du-bois-rond\\\/?lang=en#primaryimage\"},\"image\":{\"@id\":\"https:\\\/\\\/norsklafteskole.no\\\/index.php\\\/produkt\\\/pignons-et-pannes-avec-du-bois-rond\\\/?lang=en#primaryimage\"},\"thumbnailUrl\":\"https:\\\/\\\/norsklafteskole.no\\\/wp-content\\\/uploads\\\/2021\\\/01\\\/pignons-et-pannes-avec-du-bois-rond-e1610117110122.jpg\",\"datePublished\":\"2021-01-08T14:29:14+00:00\",\"dateModified\":\"2024-04-28T07:12:39+00:00\",\"breadcrumb\":{\"@id\":\"https:\\\/\\\/norsklafteskole.no\\\/index.php\\\/produkt\\\/pignons-et-pannes-avec-du-bois-rond\\\/?lang=en#breadcrumb\"},\"inLanguage\":\"nb-NO\",\"potentialAction\":[{\"@type\":\"ReadAction\",\"target\":[\"https:\\\/\\\/norsklafteskole.no\\\/index.php\\\/produkt\\\/pignons-et-pannes-avec-du-bois-rond\\\/?lang=en\"]}]},{\"@type\":\"ImageObject\",\"inLanguage\":\"nb-NO\",\"@id\":\"https:\\\/\\\/norsklafteskole.no\\\/index.php\\\/produkt\\\/pignons-et-pannes-avec-du-bois-rond\\\/?lang=en#primaryimage\",\"url\":\"https:\\\/\\\/norsklafteskole.no\\\/wp-content\\\/uploads\\\/2021\\\/01\\\/pignons-et-pannes-avec-du-bois-rond-e1610117110122.jpg\",\"contentUrl\":\"https:\\\/\\\/norsklafteskole.no\\\/wp-content\\\/uploads\\\/2021\\\/01\\\/pignons-et-pannes-avec-du-bois-rond-e1610117110122.jpg\",\"width\":150,\"height\":214},{\"@type\":\"BreadcrumbList\",\"@id\":\"https:\\\/\\\/norsklafteskole.no\\\/index.php\\\/produkt\\\/pignons-et-pannes-avec-du-bois-rond\\\/?lang=en#breadcrumb\",\"itemListElement\":[{\"@type\":\"ListItem\",\"position\":1,\"name\":\"Home\",\"item\":\"https:\\\/\\\/norsklafteskole.no\\\/\"},{\"@type\":\"ListItem\",\"position\":2,\"name\":\"Butikk\",\"item\":\"https:\\\/\\\/norsklafteskole.no\\\/index.php\\\/butikk\\\/\"},{\"@type\":\"ListItem\",\"position\":3,\"name\":\"Video: Pignons Et Pannes Avec Du Bois Rond\"}]},{\"@type\":\"WebSite\",\"@id\":\"https:\\\/\\\/norsklafteskole.no\\\/#website\",\"url\":\"https:\\\/\\\/norsklafteskole.no\\\/\",\"name\":\"Norsk Lafteskole\",\"description\":\"Learn to build traditional log houses\",\"publisher\":{\"@id\":\"https:\\\/\\\/norsklafteskole.no\\\/#organization\"},\"potentialAction\":[{\"@type\":\"SearchAction\",\"target\":{\"@type\":\"EntryPoint\",\"urlTemplate\":\"https:\\\/\\\/norsklafteskole.no\\\/?s={search_term_string}\"},\"query-input\":{\"@type\":\"PropertyValueSpecification\",\"valueRequired\":true,\"valueName\":\"search_term_string\"}}],\"inLanguage\":\"nb-NO\"},{\"@type\":\"Organization\",\"@id\":\"https:\\\/\\\/norsklafteskole.no\\\/#organization\",\"name\":\"Norsk Lafteskole\",\"url\":\"https:\\\/\\\/norsklafteskole.no\\\/\",\"logo\":{\"@type\":\"ImageObject\",\"inLanguage\":\"nb-NO\",\"@id\":\"https:\\\/\\\/norsklafteskole.no\\\/#\\\/schema\\\/logo\\\/image\\\/\",\"url\":\"https:\\\/\\\/norsklafteskole.no\\\/wp-content\\\/uploads\\\/2014\\\/04\\\/Viklogo.jpg\",\"contentUrl\":\"https:\\\/\\\/norsklafteskole.no\\\/wp-content\\\/uploads\\\/2014\\\/04\\\/Viklogo.jpg\",\"width\":150,\"height\":225,\"caption\":\"Norsk Lafteskole\"},\"image\":{\"@id\":\"https:\\\/\\\/norsklafteskole.no\\\/#\\\/schema\\\/logo\\\/image\\\/\"}}]}<\/script>\n<!-- \/ Yoast SEO plugin. -->","yoast_head_json":{"title":"Video: Pignons Et Pannes Avec Du Bois Rond - Norsk Lafteskole","robots":{"index":"index","follow":"follow","max-snippet":"max-snippet:-1","max-image-preview":"max-image-preview:large","max-video-preview":"max-video-preview:-1"},"canonical":"https:\/\/norsklafteskole.no\/index.php\/produkt\/pignons-et-pannes-avec-du-bois-rond\/?lang=en","og_locale":"nb_NO","og_type":"article","og_title":"Video: Pignons Et Pannes Avec Du Bois Rond - Norsk Lafteskole","og_description":"Cette video\u00a0indique comment construire une structure pignon avec pannes en bois rond. Un ensemble de techniques \u00e9prouv\u00e9es et de m\u00e9thodes utilis\u00e9es depuis 25 ans de formation en fuste traditionnelle vous est pr\u00e9sent\u00e9 ici. Disponible maintenant sur une cl\u00e9 USB","og_url":"https:\/\/norsklafteskole.no\/index.php\/produkt\/pignons-et-pannes-avec-du-bois-rond\/?lang=en","og_site_name":"Norsk Lafteskole","article_modified_time":"2024-04-28T07:12:39+00:00","og_image":[{"width":150,"height":214,"url":"https:\/\/norsklafteskole.no\/wp-content\/uploads\/2021\/01\/pignons-et-pannes-avec-du-bois-rond-e1610117110122.jpg","type":"image\/jpeg"}],"twitter_card":"summary_large_image","twitter_misc":{"Ansl. lesetid":"1 minutt"},"schema":{"@context":"https:\/\/schema.org","@graph":[{"@type":"WebPage","@id":"https:\/\/norsklafteskole.no\/index.php\/produkt\/pignons-et-pannes-avec-du-bois-rond\/?lang=en","url":"https:\/\/norsklafteskole.no\/index.php\/produkt\/pignons-et-pannes-avec-du-bois-rond\/?lang=en","name":"Video: Pignons Et Pannes Avec Du Bois Rond - Norsk Lafteskole","isPartOf":{"@id":"https:\/\/norsklafteskole.no\/#website"},"primaryImageOfPage":{"@id":"https:\/\/norsklafteskole.no\/index.php\/produkt\/pignons-et-pannes-avec-du-bois-rond\/?lang=en#primaryimage"},"image":{"@id":"https:\/\/norsklafteskole.no\/index.php\/produkt\/pignons-et-pannes-avec-du-bois-rond\/?lang=en#primaryimage"},"thumbnailUrl":"https:\/\/norsklafteskole.no\/wp-content\/uploads\/2021\/01\/pignons-et-pannes-avec-du-bois-rond-e1610117110122.jpg","datePublished":"2021-01-08T14:29:14+00:00","dateModified":"2024-04-28T07:12:39+00:00","breadcrumb":{"@id":"https:\/\/norsklafteskole.no\/index.php\/produkt\/pignons-et-pannes-avec-du-bois-rond\/?lang=en#breadcrumb"},"inLanguage":"nb-NO","potentialAction":[{"@type":"ReadAction","target":["https:\/\/norsklafteskole.no\/index.php\/produkt\/pignons-et-pannes-avec-du-bois-rond\/?lang=en"]}]},{"@type":"ImageObject","inLanguage":"nb-NO","@id":"https:\/\/norsklafteskole.no\/index.php\/produkt\/pignons-et-pannes-avec-du-bois-rond\/?lang=en#primaryimage","url":"https:\/\/norsklafteskole.no\/wp-content\/uploads\/2021\/01\/pignons-et-pannes-avec-du-bois-rond-e1610117110122.jpg","contentUrl":"https:\/\/norsklafteskole.no\/wp-content\/uploads\/2021\/01\/pignons-et-pannes-avec-du-bois-rond-e1610117110122.jpg","width":150,"height":214},{"@type":"BreadcrumbList","@id":"https:\/\/norsklafteskole.no\/index.php\/produkt\/pignons-et-pannes-avec-du-bois-rond\/?lang=en#breadcrumb","itemListElement":[{"@type":"ListItem","position":1,"name":"Home","item":"https:\/\/norsklafteskole.no\/"},{"@type":"ListItem","position":2,"name":"Butikk","item":"https:\/\/norsklafteskole.no\/index.php\/butikk\/"},{"@type":"ListItem","position":3,"name":"Video: Pignons Et Pannes Avec Du Bois Rond"}]},{"@type":"WebSite","@id":"https:\/\/norsklafteskole.no\/#website","url":"https:\/\/norsklafteskole.no\/","name":"Norsk Lafteskole","description":"Learn to build traditional log houses","publisher":{"@id":"https:\/\/norsklafteskole.no\/#organization"},"potentialAction":[{"@type":"SearchAction","target":{"@type":"EntryPoint","urlTemplate":"https:\/\/norsklafteskole.no\/?s={search_term_string}"},"query-input":{"@type":"PropertyValueSpecification","valueRequired":true,"valueName":"search_term_string"}}],"inLanguage":"nb-NO"},{"@type":"Organization","@id":"https:\/\/norsklafteskole.no\/#organization","name":"Norsk Lafteskole","url":"https:\/\/norsklafteskole.no\/","logo":{"@type":"ImageObject","inLanguage":"nb-NO","@id":"https:\/\/norsklafteskole.no\/#\/schema\/logo\/image\/","url":"https:\/\/norsklafteskole.no\/wp-content\/uploads\/2014\/04\/Viklogo.jpg","contentUrl":"https:\/\/norsklafteskole.no\/wp-content\/uploads\/2014\/04\/Viklogo.jpg","width":150,"height":225,"caption":"Norsk Lafteskole"},"image":{"@id":"https:\/\/norsklafteskole.no\/#\/schema\/logo\/image\/"}}]}},"_links":{"self":[{"href":"https:\/\/norsklafteskole.no\/index.php\/wp-json\/wp\/v2\/product\/19870","targetHints":{"allow":["GET"]}}],"collection":[{"href":"https:\/\/norsklafteskole.no\/index.php\/wp-json\/wp\/v2\/product"}],"about":[{"href":"https:\/\/norsklafteskole.no\/index.php\/wp-json\/wp\/v2\/types\/product"}],"replies":[{"embeddable":true,"href":"https:\/\/norsklafteskole.no\/index.php\/wp-json\/wp\/v2\/comments?post=19870"}],"wp:featuredmedia":[{"embeddable":true,"href":"https:\/\/norsklafteskole.no\/index.php\/wp-json\/wp\/v2\/media\/19871"}],"wp:attachment":[{"href":"https:\/\/norsklafteskole.no\/index.php\/wp-json\/wp\/v2\/media?parent=19870"}],"wp:term":[{"taxonomy":"product_brand","embeddable":true,"href":"https:\/\/norsklafteskole.no\/index.php\/wp-json\/wp\/v2\/product_brand?post=19870"},{"taxonomy":"product_cat","embeddable":true,"href":"https:\/\/norsklafteskole.no\/index.php\/wp-json\/wp\/v2\/product_cat?post=19870"},{"taxonomy":"product_tag","embeddable":true,"href":"https:\/\/norsklafteskole.no\/index.php\/wp-json\/wp\/v2\/product_tag?post=19870"}],"curies":[{"name":"wp","href":"https:\/\/api.w.org\/{rel}","templated":true}]}}