{"id":20552,"date":"2021-01-09T15:58:21","date_gmt":"2021-01-09T15:58:21","guid":{"rendered":"https:\/\/norsklafteskole.no\/index.php\/produkt\/giebel-und-pfetten-mit-runden-balken\/"},"modified":"2021-01-09T15:58:21","modified_gmt":"2021-01-09T15:58:21","slug":"giebel-und-pfetten-mit-runden-balken","status":"publish","type":"product","link":"https:\/\/norsklafteskole.no\/index.php\/produkt\/giebel-und-pfetten-mit-runden-balken\/","title":{"rendered":"DVD Giebel Und Pfetten Mit Runden Balken"},"content":{"rendered":"<p><strong>Diese DVD zeigt, wie man Giebel und Pfetten mit Rundholz baut<\/strong>. Techniken und Methoden werden zur Verf\u00fcgung gestellt, die w\u00e4hrend 23 Jahren Unterricht mit Blockbau verwendet wurden. Nach dem Markup werden die oberen vier St\u00e4mme auf einer 3&#215;4 meter grossen H\u00fctte in einen \u00fcberdachten Arbeitsbereich gebracht, in dem Giebel und die Firstpfette konstruiert, eingeebnet und f\u00fcr die Montage auf der H\u00fctte vorbereitet werden. Dies ist die letzte DVD in einer Reihe von 3 \u00fcber das bauen mit Rundholz. <strong>Verf\u00fcgbar ab sofort auf einem USB-Speicherstick<\/strong><\/p>\n","protected":false},"excerpt":{"rendered":"<p><strong>Diese DVD zeigt, wie man Giebel und Pfetten mit Rundholz baut<\/strong>. Techniken und Methoden werden zur Verf\u00fcgung gestellt, die w\u00e4hrend 23 Jahren Unterricht mit Blockbau verwendet wurden. <strong>Verf\u00fcgbar ab sofort auf einem USB-Speicherstick<\/strong><\/p>\n","protected":false},"featured_media":19902,"comment_status":"open","ping_status":"closed","template":"","meta":[],"product_brand":[],"product_cat":[115],"product_tag":[],"class_list":{"0":"post-20552","1":"product","2":"type-product","3":"status-publish","4":"has-post-thumbnail","6":"product_cat-teknikkvideoer-german","7":"product_shipping_class-dvdshippingdomestic","8":"pa_physical-dvd-dvd","9":"pa_physical-dvd-nedlastbare","11":"first","12":"instock","13":"shipping-taxable","14":"purchasable","15":"product-type-variable","16":"has-default-attributes"},"yoast_head":"<!-- This site is optimized with the Yoast SEO plugin v27.5 - https:\/\/yoast.com\/product\/yoast-seo-wordpress\/ -->\n<title>DVD Giebel Und Pfetten Mit Runden Balken - Norsk Lafteskole<\/title>\n<meta name=\"robots\" content=\"index, follow, max-snippet:-1, max-image-preview:large, max-video-preview:-1\" \/>\n<link rel=\"canonical\" href=\"https:\/\/norsklafteskole.no\/index.php\/produkt\/giebel-und-pfetten-mit-runden-balken\/\" \/>\n<meta property=\"og:locale\" content=\"nb_NO\" \/>\n<meta property=\"og:type\" content=\"article\" \/>\n<meta property=\"og:title\" content=\"DVD Giebel Und Pfetten Mit Runden Balken - Norsk Lafteskole\" \/>\n<meta property=\"og:description\" content=\"Diese DVD zeigt, wie man Giebel und Pfetten mit Rundholz baut. Techniken und Methoden werden zur Verf\u00fcgung gestellt, die w\u00e4hrend 23 Jahren Unterricht mit Blockbau verwendet wurden. Verf\u00fcgbar ab sofort auf einem USB-Speicherstick\" \/>\n<meta property=\"og:url\" content=\"https:\/\/norsklafteskole.no\/index.php\/produkt\/giebel-und-pfetten-mit-runden-balken\/\" \/>\n<meta property=\"og:site_name\" content=\"Norsk Lafteskole\" \/>\n<meta property=\"og:image\" content=\"https:\/\/norsklafteskole.no\/wp-content\/uploads\/2021\/01\/giebel-und-pfetten-mit-runden-balken.jpg\" \/>\n\t<meta property=\"og:image:width\" content=\"200\" \/>\n\t<meta property=\"og:image:height\" content=\"285\" \/>\n\t<meta property=\"og:image:type\" content=\"image\/jpeg\" \/>\n<meta name=\"twitter:card\" content=\"summary_large_image\" \/>\n<script type=\"application\/ld+json\" class=\"yoast-schema-graph\">{\"@context\":\"https:\\\/\\\/schema.org\",\"@graph\":[{\"@type\":\"WebPage\",\"@id\":\"https:\\\/\\\/norsklafteskole.no\\\/index.php\\\/produkt\\\/giebel-und-pfetten-mit-runden-balken\\\/\",\"url\":\"https:\\\/\\\/norsklafteskole.no\\\/index.php\\\/produkt\\\/giebel-und-pfetten-mit-runden-balken\\\/\",\"name\":\"DVD Giebel Und Pfetten Mit Runden Balken - Norsk Lafteskole\",\"isPartOf\":{\"@id\":\"https:\\\/\\\/norsklafteskole.no\\\/#website\"},\"primaryImageOfPage\":{\"@id\":\"https:\\\/\\\/norsklafteskole.no\\\/index.php\\\/produkt\\\/giebel-und-pfetten-mit-runden-balken\\\/#primaryimage\"},\"image\":{\"@id\":\"https:\\\/\\\/norsklafteskole.no\\\/index.php\\\/produkt\\\/giebel-und-pfetten-mit-runden-balken\\\/#primaryimage\"},\"thumbnailUrl\":\"https:\\\/\\\/norsklafteskole.no\\\/wp-content\\\/uploads\\\/2021\\\/01\\\/giebel-und-pfetten-mit-runden-balken.jpg\",\"datePublished\":\"2021-01-09T15:58:21+00:00\",\"breadcrumb\":{\"@id\":\"https:\\\/\\\/norsklafteskole.no\\\/index.php\\\/produkt\\\/giebel-und-pfetten-mit-runden-balken\\\/#breadcrumb\"},\"inLanguage\":\"nb-NO\",\"potentialAction\":[{\"@type\":\"ReadAction\",\"target\":[\"https:\\\/\\\/norsklafteskole.no\\\/index.php\\\/produkt\\\/giebel-und-pfetten-mit-runden-balken\\\/\"]}]},{\"@type\":\"ImageObject\",\"inLanguage\":\"nb-NO\",\"@id\":\"https:\\\/\\\/norsklafteskole.no\\\/index.php\\\/produkt\\\/giebel-und-pfetten-mit-runden-balken\\\/#primaryimage\",\"url\":\"https:\\\/\\\/norsklafteskole.no\\\/wp-content\\\/uploads\\\/2021\\\/01\\\/giebel-und-pfetten-mit-runden-balken.jpg\",\"contentUrl\":\"https:\\\/\\\/norsklafteskole.no\\\/wp-content\\\/uploads\\\/2021\\\/01\\\/giebel-und-pfetten-mit-runden-balken.jpg\",\"width\":200,\"height\":285},{\"@type\":\"BreadcrumbList\",\"@id\":\"https:\\\/\\\/norsklafteskole.no\\\/index.php\\\/produkt\\\/giebel-und-pfetten-mit-runden-balken\\\/#breadcrumb\",\"itemListElement\":[{\"@type\":\"ListItem\",\"position\":1,\"name\":\"Home\",\"item\":\"https:\\\/\\\/norsklafteskole.no\\\/\"},{\"@type\":\"ListItem\",\"position\":2,\"name\":\"Butikk\",\"item\":\"https:\\\/\\\/norsklafteskole.no\\\/index.php\\\/butikk\\\/\"},{\"@type\":\"ListItem\",\"position\":3,\"name\":\"DVD Giebel Und Pfetten Mit Runden Balken\"}]},{\"@type\":\"WebSite\",\"@id\":\"https:\\\/\\\/norsklafteskole.no\\\/#website\",\"url\":\"https:\\\/\\\/norsklafteskole.no\\\/\",\"name\":\"Norsk Lafteskole\",\"description\":\"Learn to build traditional log houses\",\"publisher\":{\"@id\":\"https:\\\/\\\/norsklafteskole.no\\\/#organization\"},\"potentialAction\":[{\"@type\":\"SearchAction\",\"target\":{\"@type\":\"EntryPoint\",\"urlTemplate\":\"https:\\\/\\\/norsklafteskole.no\\\/?s={search_term_string}\"},\"query-input\":{\"@type\":\"PropertyValueSpecification\",\"valueRequired\":true,\"valueName\":\"search_term_string\"}}],\"inLanguage\":\"nb-NO\"},{\"@type\":\"Organization\",\"@id\":\"https:\\\/\\\/norsklafteskole.no\\\/#organization\",\"name\":\"Norsk Lafteskole\",\"url\":\"https:\\\/\\\/norsklafteskole.no\\\/\",\"logo\":{\"@type\":\"ImageObject\",\"inLanguage\":\"nb-NO\",\"@id\":\"https:\\\/\\\/norsklafteskole.no\\\/#\\\/schema\\\/logo\\\/image\\\/\",\"url\":\"https:\\\/\\\/norsklafteskole.no\\\/wp-content\\\/uploads\\\/2014\\\/04\\\/Viklogo.jpg\",\"contentUrl\":\"https:\\\/\\\/norsklafteskole.no\\\/wp-content\\\/uploads\\\/2014\\\/04\\\/Viklogo.jpg\",\"width\":150,\"height\":225,\"caption\":\"Norsk Lafteskole\"},\"image\":{\"@id\":\"https:\\\/\\\/norsklafteskole.no\\\/#\\\/schema\\\/logo\\\/image\\\/\"}}]}<\/script>\n<!-- \/ Yoast SEO plugin. -->","yoast_head_json":{"title":"DVD Giebel Und Pfetten Mit Runden Balken - Norsk Lafteskole","robots":{"index":"index","follow":"follow","max-snippet":"max-snippet:-1","max-image-preview":"max-image-preview:large","max-video-preview":"max-video-preview:-1"},"canonical":"https:\/\/norsklafteskole.no\/index.php\/produkt\/giebel-und-pfetten-mit-runden-balken\/","og_locale":"nb_NO","og_type":"article","og_title":"DVD Giebel Und Pfetten Mit Runden Balken - Norsk Lafteskole","og_description":"Diese DVD zeigt, wie man Giebel und Pfetten mit Rundholz baut. Techniken und Methoden werden zur Verf\u00fcgung gestellt, die w\u00e4hrend 23 Jahren Unterricht mit Blockbau verwendet wurden. Verf\u00fcgbar ab sofort auf einem USB-Speicherstick","og_url":"https:\/\/norsklafteskole.no\/index.php\/produkt\/giebel-und-pfetten-mit-runden-balken\/","og_site_name":"Norsk Lafteskole","og_image":[{"width":200,"height":285,"url":"https:\/\/norsklafteskole.no\/wp-content\/uploads\/2021\/01\/giebel-und-pfetten-mit-runden-balken.jpg","type":"image\/jpeg"}],"twitter_card":"summary_large_image","schema":{"@context":"https:\/\/schema.org","@graph":[{"@type":"WebPage","@id":"https:\/\/norsklafteskole.no\/index.php\/produkt\/giebel-und-pfetten-mit-runden-balken\/","url":"https:\/\/norsklafteskole.no\/index.php\/produkt\/giebel-und-pfetten-mit-runden-balken\/","name":"DVD Giebel Und Pfetten Mit Runden Balken - Norsk Lafteskole","isPartOf":{"@id":"https:\/\/norsklafteskole.no\/#website"},"primaryImageOfPage":{"@id":"https:\/\/norsklafteskole.no\/index.php\/produkt\/giebel-und-pfetten-mit-runden-balken\/#primaryimage"},"image":{"@id":"https:\/\/norsklafteskole.no\/index.php\/produkt\/giebel-und-pfetten-mit-runden-balken\/#primaryimage"},"thumbnailUrl":"https:\/\/norsklafteskole.no\/wp-content\/uploads\/2021\/01\/giebel-und-pfetten-mit-runden-balken.jpg","datePublished":"2021-01-09T15:58:21+00:00","breadcrumb":{"@id":"https:\/\/norsklafteskole.no\/index.php\/produkt\/giebel-und-pfetten-mit-runden-balken\/#breadcrumb"},"inLanguage":"nb-NO","potentialAction":[{"@type":"ReadAction","target":["https:\/\/norsklafteskole.no\/index.php\/produkt\/giebel-und-pfetten-mit-runden-balken\/"]}]},{"@type":"ImageObject","inLanguage":"nb-NO","@id":"https:\/\/norsklafteskole.no\/index.php\/produkt\/giebel-und-pfetten-mit-runden-balken\/#primaryimage","url":"https:\/\/norsklafteskole.no\/wp-content\/uploads\/2021\/01\/giebel-und-pfetten-mit-runden-balken.jpg","contentUrl":"https:\/\/norsklafteskole.no\/wp-content\/uploads\/2021\/01\/giebel-und-pfetten-mit-runden-balken.jpg","width":200,"height":285},{"@type":"BreadcrumbList","@id":"https:\/\/norsklafteskole.no\/index.php\/produkt\/giebel-und-pfetten-mit-runden-balken\/#breadcrumb","itemListElement":[{"@type":"ListItem","position":1,"name":"Home","item":"https:\/\/norsklafteskole.no\/"},{"@type":"ListItem","position":2,"name":"Butikk","item":"https:\/\/norsklafteskole.no\/index.php\/butikk\/"},{"@type":"ListItem","position":3,"name":"DVD Giebel Und Pfetten Mit Runden Balken"}]},{"@type":"WebSite","@id":"https:\/\/norsklafteskole.no\/#website","url":"https:\/\/norsklafteskole.no\/","name":"Norsk Lafteskole","description":"Learn to build traditional log houses","publisher":{"@id":"https:\/\/norsklafteskole.no\/#organization"},"potentialAction":[{"@type":"SearchAction","target":{"@type":"EntryPoint","urlTemplate":"https:\/\/norsklafteskole.no\/?s={search_term_string}"},"query-input":{"@type":"PropertyValueSpecification","valueRequired":true,"valueName":"search_term_string"}}],"inLanguage":"nb-NO"},{"@type":"Organization","@id":"https:\/\/norsklafteskole.no\/#organization","name":"Norsk Lafteskole","url":"https:\/\/norsklafteskole.no\/","logo":{"@type":"ImageObject","inLanguage":"nb-NO","@id":"https:\/\/norsklafteskole.no\/#\/schema\/logo\/image\/","url":"https:\/\/norsklafteskole.no\/wp-content\/uploads\/2014\/04\/Viklogo.jpg","contentUrl":"https:\/\/norsklafteskole.no\/wp-content\/uploads\/2014\/04\/Viklogo.jpg","width":150,"height":225,"caption":"Norsk Lafteskole"},"image":{"@id":"https:\/\/norsklafteskole.no\/#\/schema\/logo\/image\/"}}]}},"_links":{"self":[{"href":"https:\/\/norsklafteskole.no\/index.php\/wp-json\/wp\/v2\/product\/20552","targetHints":{"allow":["GET"]}}],"collection":[{"href":"https:\/\/norsklafteskole.no\/index.php\/wp-json\/wp\/v2\/product"}],"about":[{"href":"https:\/\/norsklafteskole.no\/index.php\/wp-json\/wp\/v2\/types\/product"}],"replies":[{"embeddable":true,"href":"https:\/\/norsklafteskole.no\/index.php\/wp-json\/wp\/v2\/comments?post=20552"}],"wp:featuredmedia":[{"embeddable":true,"href":"https:\/\/norsklafteskole.no\/index.php\/wp-json\/wp\/v2\/media\/19902"}],"wp:attachment":[{"href":"https:\/\/norsklafteskole.no\/index.php\/wp-json\/wp\/v2\/media?parent=20552"}],"wp:term":[{"taxonomy":"product_brand","embeddable":true,"href":"https:\/\/norsklafteskole.no\/index.php\/wp-json\/wp\/v2\/product_brand?post=20552"},{"taxonomy":"product_cat","embeddable":true,"href":"https:\/\/norsklafteskole.no\/index.php\/wp-json\/wp\/v2\/product_cat?post=20552"},{"taxonomy":"product_tag","embeddable":true,"href":"https:\/\/norsklafteskole.no\/index.php\/wp-json\/wp\/v2\/product_tag?post=20552"}],"curies":[{"name":"wp","href":"https:\/\/api.w.org\/{rel}","templated":true}]}}